{"id":98,"date":"2021-07-19T16:22:50","date_gmt":"2021-07-19T14:22:50","guid":{"rendered":"https:\/\/blogs.fu-berlin.de\/plattenbau\/?page_id=98"},"modified":"2021-07-19T16:22:50","modified_gmt":"2021-07-19T14:22:50","slug":"bibliographie","status":"publish","type":"page","link":"https:\/\/blogs.fu-berlin.de\/plattenbau\/bibliographie\/","title":{"rendered":"Bibliographie"},"content":{"rendered":"\n<p>Aplenc, Veronica: Held in Suspension: Competing Discourses on Urban Modernity in 1960s Slovenia, Yugoslavia, in: Haughey, Patrick (Hg.): Across Space and Time: Architecture and Politics of Modernity, New Brunswick, NJ: Transaction Publishers 2017, S. 207-232.<\/p>\n\n\n\n<p>Bakaev, Hasan: <a href=\"https:\/\/www.youtube.com\/watch?v=GIMhObXN-L4\">Vozle etich okon<\/a>, SU 1973.<\/p>\n\n\n\n<p>Berthels, Lothar: Gemeinschaftsformen in der modernen Stadt, Wiesbaden: VS Verlag f\u00fcr Sozialwissenschaften 1990, S. 11-18.<\/p>\n\n\n\n<p>Borisova, Natalia: Mit Herz und Auge: Liebe im sowjetischen Film und in der Literatur, Bielefeld: Transcript 2013.<\/p>\n\n\n\n<p>Boyer, Mary: Dreaming the Rational City, Cambridge: The MIT Press 1983.<\/p>\n\n\n\n<p>Brosig, Maria: &#8222;Es ist ein Experiment&#8220;. Traditionsbildung in der DDR-Literatur anhand von Brigitte Reimanns Roman &#8222;Franziska Linkerhand&#8220;, W\u00fcrzburg: K\u00f6nigshausen und Neumann 2010.<\/p>\n\n\n\n<p>Crowley, David: Warsaw Interiors. The Public Life of Private Spaces, 1949-1965, in: Ders.; Reid, Susan (Hg.): Socialist spaces: sites of everyday life in the Eastern Bloc, Oxford: Berg 2002, S. 181-206.<\/p>\n\n\n\n<p>Freim\u00fcller, Tobias: Alexander Mitscherlich: Gesellschaftsdiagnosen und Psychoanalyse nach Hitler, G\u00f6ttingen: Wallstein 2007, S.337-344.<\/p>\n\n\n\n<p>Godel, Rainer: Phasenweise Zuwendung. Stadtideale in Brigitte Reimanns Roman &#8222;FranziskaLinkerhand&#8220;, in: Monatshefte 99:4 (2007), S. 485-500.<\/p>\n\n\n\n<p>Goll, Philipp: Der Beat der Anderen. Von der Entstehung des polnischen HipHop aus der Platte, in: Dabrowski, Tomasz; Peter, Stefanie (Hg.): Zeitgen\u00f6ssische K\u00fcnstler aus Polen, G\u00f6ttingen: Wallstein 2011, S. 232-246.<\/p>\n\n\n\n<p>Golubev, Alexej: The Things of Life. Materiality in Late Soviet Russia, Ithaca\/London: Cornell Univ. Press 2020, S. 1-18.<\/p>\n\n\n\n<p>Harris, Steven: Communism on tomorrow street: Mass Housing and Everyday Life after Stalin, Washington: Woodrow Wilson Center Press 2013.<\/p>\n\n\n\n<p>H\u00e4u\u00dfermann, Hartmut u.a.: Stadtpolitik, Frankfurt am Main: Suhrkamp 2008, Kap. 7.<\/p>\n\n\n\n<p>Hirdina, Karin: Pl\u00e4doyer f\u00fcr die Einsamkeit \u2013 Alfred Wellm: \u00bbMorisco\u00ab, in: Sinn und Form 4 (1988), S. 858-862.<\/p>\n\n\n\n<p>Hnilica, Sonja: Der Glaube an das Grosse in der Architektur der Moderne: Grossstrukturen der 1960er und 1970er Jahre, Z\u00fcrich: Park Books 2018.<\/p>\n\n\n\n<p>Hoffmann, Erik: Soviet Views of \u201cThe Scientific-Technological Revolution\u201d, in: World politics 30:4 (1978), S. 615-644.<\/p>\n\n\n\n<p>Hopf, Susanne; Meier, Natalja: Plattenbau privat. 60 Interieurs, Berlin: Nicolai 2004.<\/p>\n\n\n\n<p>Humphrey, Caroline: Ideology in Infrastructure. Architecture and Soviet imagination, in: The Journal of the Royal Anthropological Institute 11:1 (2005), S. 39\u201358.<\/p>\n\n\n\n<p>Jamrozik, \u017baneta: Everything I Love. Sensuous Homelands as a Way of Experiencing History through Hip-Hop Films, in: Studies in Eastern European Cinema 3 (2016), S. 208-224.<\/p>\n\n\n\n<p>K\u00fchne, Lothar: Haus und Landschaft. Zu einem Umri\u00df der kommunistischen Kultur des gesellschaftlichen Raumes, in: Haus und Landschaft: Aufs\u00e4tze, Dresden: Verlag der Kunst 1985, S. 9-46.<\/p>\n\n\n\n<p>MacFayden, David: Title:Sad Comedy of \u00c8l&#8217;dar Riazanov: An Introduction to Russia&#8217;s Most Popular Filmmaker, Montreal: McGill\u2019s Univ. Press 2003, S.217-234.<\/p>\n\n\n\n<p>Max, Katrin: B\u00fcrgerlichkeit und b\u00fcrgerliche Kultur in der Literatur der DDR, M\u00fcnchen: Fink 2018, S.379-398.<\/p>\n\n\n\n<p>McBurney, Gerald: Fried Chicken in the Bird-Cherry Trees, in: Fay, Laurel: Shostakovich and his world, Princeton: Princeton Univ. Press 2004, S. 227-274.<\/p>\n\n\n\n<p>Meuser, Philipp: Die \u00c4sthetik der Platte: Wohnungsbau in der Sowjetunion zwischen Stalin und Glasnost, Berlin: Dom Publishers 2015, S. 138-183.<\/p>\n\n\n\n<p>Meuser, Philipp: Plattenbau in Film, Literatur und Kunst, in: Die \u00c4sthetik der Platte. Wohnungsbau in der Sowjetunion zwischen Stalin und Glasnost, Berlin: Dom Publishers 2015, S.32-49.<\/p>\n\n\n\n<p>Prokhorov, Alexander: Cinema of Attractions versus Narrative Cinema: Leonid Gaidai&#8217;s. Comedies and El&#8217;dar Riazanov&#8217;s Satires of the 1960s, in: Slavic Review 62:3 (2003), S. 455-472.<\/p>\n\n\n\n<p>Reid, Susan: Communist Comfort: Socialist Modernism and the Making of Cozy Homes in the Khrushchev Era, in Gender and History 21:3 (2009), S. 465-498.<\/p>\n\n\n\n<p>Reid, Susan: Everyday Aesthetics in the Khrushchev-Era Standard Apartment, in: Chatterjee, Choi; Ransel, David; Cavender, Mollie; Petrone, Karen (Hg.): Everyday Life in Russia Past and Present, Bloomington:&nbsp; Indiana University Press 2015, S. 203-33.<\/p>\n\n\n\n<p>Richter, Peter: Der Plattenbau als Krisengebiet. Die architektonische und politische Transformation industriell errichteter Wohngeb\u00e4ude aus der DDR am Beispiel der Stadt Leinefelde, Hamburg 2006, S. 62-75.<\/p>\n\n\n\n<p>Riley, John: From the factory to the flat. Thirty years of the Song of the Counterplan, in: Edmunds, Neil: Soviet Music and Society Under Lenin and Stalin: The Baton and Sickle, New York: Routledge 2004, S. 67-80.<\/p>\n\n\n\n<p>R\u00fcthers, Monika: Moskau bauen von Lenin bis Chru\u0161\u010dev, Wien\/K\u00f6ln\/Weimar: B\u00f6hlau 2007, S.219-268.<\/p>\n\n\n\n<p>Scharsisch, Anja-Franziska: Zwischen Engagement und Resignation: Darstellungsformen und Funktionen der &#8222;Intelligenz&#8220; im DDR-Roman, Hamburg: Kova\u010d 2003, S. 308-319.<\/p>\n\n\n\n<p>Schwartz, Matthias: \u00bbJestem bogiem\u00ab. Rebellion und Frustration in junger polnischer Literatur, in: G\u00f6lz, Christine; Kliems, Alfrun (Hg.): Spielpl\u00e4tze der Verweigerung. Gegenkulturen im \u00f6stlichen Europa nach 1956, K\u00f6ln: B\u00f6hlau 2014, S. 444-464.<\/p>\n\n\n\n<p>\u0160iup\u0161inskas, Matas; Lankots, Epp: Collectivist Ideals and Soviet Consumer Spaces: Mikrorayon Commercial Centres in Vilnius, Lithuania and Tallinn, Estonia, in: Baldwin Hess, Daniel; Tiit, Tammaru: Housing Estates in the Baltic Countries. The Legacy of Central Planning in Estonia, Latvia and Lithuania, Wiesbaden: Springer 2019, S. 301-320.<\/p>\n\n\n\n<p>Sojusmul\u2019tfil\u2019m: <a href=\"https:\/\/www.youtube.com\/watch?v=y36uaL4huVU\">Kak kotenku postroili dom<\/a>, 1963.<\/p>\n\n\n\n<p>Swope, Curtis: Building Socialism Architecture and Urbanism in East German Literature, 1955-1973, London: Bloomsbury 2017.<\/p>\n\n\n\n<p>Teckenberg, Wolfgang: Das Leben in sowjetischen St\u00e4dten: II. Konzeption und Realit\u00e4t des Mikrorayons, in: Osteuropa 32:3 (1983), S. 213-225. \u2013 Meuser, Philipp: Architekturf\u00fchrer Taschkent, Berlin: Dom Publishers 2012, S. 207-216. \u2013 Karelin, Lazar: Mikrorajon, Moskau 1963.<\/p>\n\n\n\n<p>Unser kurzes Leben (Regie: Lothar Warneke, DDR 1980).<\/p>\n\n\n\n<p>Vrani\u0107, Dubravka: The Resistance of Architecture to Political Regime(s): The Case of Novi Zagreb, in: Sociologija i prostor \/ Sociology &amp; Space 52:1 (2014), S. 41-67.<\/p>\n\n\n\n<p>Wawerzinek, Peter: Mordsfrisco, in: Parodien zur DDR-Literatu, Berlin: Unabh\u00e4ngige Verlagsbuchhandlung Ackerstra\u00dfe 1990, S.79.<\/p>\n\n\n\n<p>Zarecor, Kimberley: Architecture in Series: Housing and Communist Idealism, in: Skrodzka, Aga; Lu, Xiaoning; Marciniak, Katarzyna (Hg.): The Oxford Handbook of Communist Visual Cultures, New York: Oxford Univ. Press 2020, S. 44-64.<\/p>\n","protected":false},"excerpt":{"rendered":"<p>Aplenc, Veronica: Held in Suspension: Competing Discourses on Urban Modernity in 1960s Slovenia, Yugoslavia, in: Haughey, Patrick (Hg.): Across Space and Time: Architecture and Politics of Modernity, New Brunswick, NJ: Transaction Publishers 2017, S. 207-232. Bakaev, Hasan: Vozle etich okon, SU 1973. Berthels, Lothar: Gemeinschaftsformen in der modernen Stadt, Wiesbaden: VS Verlag f\u00fcr Sozialwissenschaften 1990, &hellip; <a href=\"https:\/\/blogs.fu-berlin.de\/plattenbau\/bibliographie\/\" class=\"more-link\"><span class=\"screen-reader-text\">\u201eBibliographie\u201c<\/span> weiterlesen<\/a><\/p>\n","protected":false},"author":6416,"featured_media":0,"parent":0,"menu_order":0,"comment_status":"closed","ping_status":"closed","template":"","meta":{"footnotes":""},"class_list":["post-98","page","type-page","status-publish","hentry"],"_links":{"self":[{"href":"https:\/\/blogs.fu-berlin.de\/plattenbau\/wp-json\/wp\/v2\/pages\/98","targetHints":{"allow":["GET"]}}],"collection":[{"href":"https:\/\/blogs.fu-berlin.de\/plattenbau\/wp-json\/wp\/v2\/pages"}],"about":[{"href":"https:\/\/blogs.fu-berlin.de\/plattenbau\/wp-json\/wp\/v2\/types\/page"}],"author":[{"embeddable":true,"href":"https:\/\/blogs.fu-berlin.de\/plattenbau\/wp-json\/wp\/v2\/users\/6416"}],"replies":[{"embeddable":true,"href":"https:\/\/blogs.fu-berlin.de\/plattenbau\/wp-json\/wp\/v2\/comments?post=98"}],"version-history":[{"count":1,"href":"https:\/\/blogs.fu-berlin.de\/plattenbau\/wp-json\/wp\/v2\/pages\/98\/revisions"}],"predecessor-version":[{"id":99,"href":"https:\/\/blogs.fu-berlin.de\/plattenbau\/wp-json\/wp\/v2\/pages\/98\/revisions\/99"}],"wp:attachment":[{"href":"https:\/\/blogs.fu-berlin.de\/plattenbau\/wp-json\/wp\/v2\/media?parent=98"}],"curies":[{"name":"wp","href":"https:\/\/api.w.org\/{rel}","templated":true}]}}