{"id":8,"date":"2013-10-23T09:50:54","date_gmt":"2013-10-23T09:50:54","guid":{"rendered":"https:\/\/blogs.fu-berlin.de\/reenactment\/?page_id=8"},"modified":"2013-12-05T14:00:10","modified_gmt":"2013-12-05T14:00:10","slug":"ringvorlesung","status":"publish","type":"page","link":"https:\/\/blogs.fu-berlin.de\/reenactment\/ringvorlesung\/","title":{"rendered":"Ringvorlesung"},"content":{"rendered":"<p style=\"text-align: justify\">Die als &#8218;Reenactment&#8216; bezeichnete performative Nachstellung von Ereignissen der Vergangenheit gewinnt derzeit in popul\u00e4ren, p\u00e4dagogischen, medialen und k\u00fcnstlerischen Kontexten an Bedeutung. Sie ist zunehmend Gegenstand wissenschaftlicher Reflexion in den Geschichts-, Kultur- und Medienwissenschaften. Die Veranstaltung thematisiert verschiedene Formen dieser \u201anacherlebenden Wiederholung&#8216; von Vergangenheit aus medienwissenschaftlicher und ethnologischer Perspektive und l\u00e4sst Praktiker zu Wort kommen, die mit dem Reenactment k\u00fcnstlerisch oder wissenschaftlich experimentieren. Das Augenmerk gilt dabei nicht prim\u00e4r den popul\u00e4ren Inszenierungen vergangener Ereignisse in Schlachtennachstellungen oder auf Mittelalterm\u00e4rkten; vielmehr thematisieren wir die unterschiedlichen Formen des Reenactments in historischer Forschung, Experimenteller Arch\u00e4ologie und TV-Dokumentationen sowie in theatralen, performativen und filmischen Wiederholungsexperimenten. Mit G\u00e4sten diskutieren wir u.a. die p\u00e4dagogischen Potenziale einer \u201aInteraktion&#8216; mit der Geschichte, er\u00f6rtern die Bedeutung von Affekten und k\u00f6rperlicher Wahrnehmung von Vergangenheit f\u00fcr Darsteller und Zuschauer sowie deren Sehnsucht nach Authentizit\u00e4t, und reflektieren die Implikationen dieser spezifischen Mediatisierung des kulturellen Ged\u00e4chtnisses.<\/p>\n<p style=\"text-align: justify\">\n<p style=\"text-align: justify\">\n<p>30.10.2013\u00a0\u00a0\u00a0\u00a0 <strong>Ulf Otto (Hildesheim):\u00a0<\/strong>Historicist Masquerades \u2013 Practices and Politics of Reenactment<\/p>\n<p>13.11.2013 \u00a0\u00a0\u00a0\u00a0 <strong>Andreas Sturm (Aachen):<\/strong> living history = p<sub>ast<\/sub> \u00f7 m<sub>e<\/sub><sup>4<\/sup> \u00d7 \u03b1<sub>uthenticity<\/sub>. Didaktik und Qualit\u00e4tssicherung performativer Geschichtsdarstellung<\/p>\n<p>27.11.2013\u00a0\u00a0\u00a0\u00a0\u00a0 <strong>Andreas Mischok (Hannover) und Olaf L\u00f6schke (Berlin) vom Historikerlabor<\/strong>: Die Wannsee-Konferenz 1942 \/ 2012 \u2013 Ein Dokumentar-Theater-Projekt des Historikerlabors.<\/p>\n<p>11.12.2013 \u00a0\u00a0\u00a0\u00a0 <strong>Kate Elswit (Bristol): <\/strong>&#8222;Inheriting Dance&#8217;s Alternative Histories: Remaking the &#8218;Minor&#8216; Work on the Global Stage&#8220;<\/p>\n<p>08.01.2014 \u00a0\u00a0\u00a0 <strong>Dorota Sajewska (Warschau):<\/strong>\u00a0Erster Weltkrieg reenacted: Verfilmung &#8211; Nachstellung &#8211; Reinszenierung<\/p>\n<p>22.01.2014 \u00a0\u00a0\u00a0\u00a0 <strong>Matthias Jung (Frankfurt a. M.):<\/strong> Archaische Illusionen: Die SWR-Produktion \u201aSteinzeit \u2013 das Experiment\u2018<\/p>\n<p>05.02.2014\u00a0\u00a0\u00a0\u00a0\u00a0 <strong>Mamoun Fansa (Berlin):<\/strong> Die Vergangenheit im Experiment. M\u00f6glichkeiten und Grenzen der Experimentellen Arch\u00e4ologie<\/p>\n","protected":false},"excerpt":{"rendered":"<p>Die als &#8218;Reenactment&#8216; bezeichnete performative Nachstellung von Ereignissen der Vergangenheit gewinnt derzeit in popul\u00e4ren, p\u00e4dagogischen, medialen und k\u00fcnstlerischen Kontexten an Bedeutung. Sie ist zunehmend Gegenstand wissenschaftlicher Reflexion in den Geschichts-, Kultur- und Medienwissenschaften. Die Veranstaltung thematisiert verschiedene Formen dieser \u201anacherlebenden Wiederholung&#8216; von Vergangenheit aus medienwissenschaftlicher und ethnologischer Perspektive und l\u00e4sst Praktiker zu Wort kommen, die [&hellip;]<\/p>\n","protected":false},"author":1736,"featured_media":0,"parent":0,"menu_order":1,"comment_status":"open","ping_status":"closed","template":"","meta":{"footnotes":""},"class_list":["post-8","page","type-page","status-publish","hentry"],"_links":{"self":[{"href":"https:\/\/blogs.fu-berlin.de\/reenactment\/wp-json\/wp\/v2\/pages\/8","targetHints":{"allow":["GET"]}}],"collection":[{"href":"https:\/\/blogs.fu-berlin.de\/reenactment\/wp-json\/wp\/v2\/pages"}],"about":[{"href":"https:\/\/blogs.fu-berlin.de\/reenactment\/wp-json\/wp\/v2\/types\/page"}],"author":[{"embeddable":true,"href":"https:\/\/blogs.fu-berlin.de\/reenactment\/wp-json\/wp\/v2\/users\/1736"}],"replies":[{"embeddable":true,"href":"https:\/\/blogs.fu-berlin.de\/reenactment\/wp-json\/wp\/v2\/comments?post=8"}],"version-history":[{"count":8,"href":"https:\/\/blogs.fu-berlin.de\/reenactment\/wp-json\/wp\/v2\/pages\/8\/revisions"}],"predecessor-version":[{"id":71,"href":"https:\/\/blogs.fu-berlin.de\/reenactment\/wp-json\/wp\/v2\/pages\/8\/revisions\/71"}],"wp:attachment":[{"href":"https:\/\/blogs.fu-berlin.de\/reenactment\/wp-json\/wp\/v2\/media?parent=8"}],"curies":[{"name":"wp","href":"https:\/\/api.w.org\/{rel}","templated":true}]}}