{"id":552,"date":"2024-01-12T17:45:26","date_gmt":"2024-01-12T16:45:26","guid":{"rendered":"https:\/\/blogs.fu-berlin.de\/schreibwoche\/?page_id=552"},"modified":"2026-02-04T16:47:11","modified_gmt":"2026-02-04T15:47:11","slug":"mittwoch","status":"publish","type":"page","link":"https:\/\/blogs.fu-berlin.de\/schreibwoche\/mittwoch\/","title":{"rendered":"Angebot am Mittwoch, 18.02.2026"},"content":{"rendered":"\n<br>\n\n\n\n<h2 class=\"wp-block-heading\">10:00 bis 11:30 Uhr<\/h2>\n\n\n\n<hr class=\"wp-block-separator has-text-color has-alpha-channel-opacity has-background is-style-wide\" style=\"background-color:#6b9e1f;color:#6b9e1f\" \/>\n\n\n\n<details class=\"wp-block-details is-layout-flow wp-block-details-is-layout-flow\"><summary>Zeit- und Selbstmanagement: Mehr Sicherheit, weniger Stress (10:00 bis 13:00 Uhr)<\/summary>\n<table style=\"border-style: solid;border-color: #6B9E1F;border-width: 2px;padding: 20px\">\n<tbody><tr>\n<td valign=\"top\"><a href=\"https:\/\/wikis.fu-berlin.de\/x\/3ARNb\" target=\"_blank\" rel=\"noopener\"><button style=\"background-color:#6B9E1F;color:#ffffff\"><b>Anmeldung<\/b><\/button><\/a><\/td>\n<td>Du versuchst, m\u00f6glichst viele Aufgaben in m\u00f6glichst wenig Zeit zu erledigen? Und es werden immer mehr Aufgaben statt weniger? Dann ist es Zeit, etwas zu \u00e4ndern \u2013 und einen genauen Blick auf das zu richten, womit du Zeit verbringst. \nIn diesem Workshop nehmen wir uns keine kurzfristigen Optimierungsmethoden oder Wochenpl\u00e4ne vor, sondern gehen m\u00f6glichen Ursachen und L\u00f6sungen f\u00fcr Zeitprobleme auf den Grund. Dazu werfen wir u.a. einen Blick auf Stress, den inneren Antrieb und die innere Erlaubnis. In individuellen Schreibaufgaben erkundest du deine Stressoren, Ziele, Werte und Rollen(-konflikte), und kannst dich anschlie\u00dfend dar\u00fcber mit anderen Teilnehmenden austauschen. Dadurch lernst du, realistischer zu planen und zielgerichteter mit der kostbaren Ressource Zeit umzugehen. Nach dem Workshop kannst du Fallstricke bei deiner Planung identifizieren und vermeiden, sowie tiefgr\u00fcndige Denkanst\u00f6\u00dfe zu deiner Lebensgestaltung mitnehmen und fortf\u00fchren.\n<\/td>\n<\/tr>\n<tr>\n<td>Kursleitung<\/td>\n<td>Julian Homann<\/td>\n<\/tr>\n<tr>\n<td>Infos zur Kursleitung<\/td>\n<td>KompetenzWERK im studierendenWERK BERLIN<\/td>\n<\/tr>\n<tr>\n<td>Ort<\/td>\n<td>online via Webex<\/td>\n<\/tr>\n<tr>\n<td>Max. Gruppengr\u00f6\u00dfe<\/td>\n<td>30<\/td>\n<\/tr>\n<tr>\n<td>Zielgruppe<\/td>\n<td>Studierende in allen Studienphasen<\/td>\n<\/tr>\n<tr>\n<td>Voraussetzungen<\/td>\n<td>keine<\/td>\n<\/tr>\n<\/tbody>\n<\/table>\n<\/details>\n\n\n\n<br>\n\n\n\n<details class=\"wp-block-details is-layout-flow wp-block-details-is-layout-flow\"><summary>Wie schreibt man einen Forschungsstand?<\/summary>\n<table style=\"border-style: solid;border-color: #6B9E1F;border-width: 2px;padding: 20px\">\n<tbody><tr>\n<td valign=\"top\"><a href=\"https:\/\/wikis.fu-berlin.de\/x\/oowAb\" target=\"_blank\" rel=\"noopener\"><button style=\"background-color:#6B9E1F;color:#ffffff\"><b>Anmeldung<\/b><\/button><\/a><\/td>\n<td><a name=\"Forschungsstand\"><\/a>\nWas bedeutet Literature Review oder Forschungsstand? In diesem Workshop lernen Sie,\n<br>\n<ul>\n<li>welchen Zweck der Forschungsstand hat.<\/li>\n<li>wie ein Forschungsstand aufgebaut ist.<\/li>\n<li>ob Sie KI-Tools beim Erstellen des Forschungstandes nutzen k\u00f6nnen.<\/li>\n<\/ul>\n<\/td>\n<\/tr>\n<tr>\n<td>Kursleitung<\/td>\n<td>Johanna Gr\u00f6pler<\/td>\n<\/tr>\n<tr>\n<td>Infos zur Kursleitung<\/td>\n<td>Johanna Gr\u00f6pler ist Beraterin und Dozentin f\u00fcr wissenschaftliches Schreiben sowie stellvertretende Teamleiterin der Teaching Library.<\/td>\n<\/tr>\n<tr>\n<td>Ort<\/td>\n<td><a href=\"https:\/\/app.guide3d.com\/100049\/mobile\/\" target=\"_blank\" rel=\"noopener\">Raum JK 31\/124, Rostlaube, Habelschwerdter Allee 45<\/a><\/td>\n<\/tr>\n<tr>\n<td>Max. Gruppengr\u00f6\u00dfe<\/td>\n<td>25<\/td>\n<\/tr>\n<tr>\n<td>Zielgruppe<\/td>\n<td>Studierende in allen Studienphasen<\/td>\n<\/tr>\n<tr>\n<td>Voraussetzungen<\/td>\n<td>keine<\/td>\n<\/tr>\n<\/tbody>\n<\/table>\n<\/details>\n\n\n\n<br>\n\n\n\n<h2 class=\"wp-block-heading\">12:00 bis 13:30 Uhr<\/h2>\n\n\n\n<hr class=\"wp-block-separator has-text-color has-alpha-channel-opacity has-background is-style-wide\" style=\"background-color:#6b9e1f;color:#6b9e1f\" \/>\n\n\n\n<details class=\"wp-block-details is-layout-flow wp-block-details-is-layout-flow\"><summary>Einf\u00fchrung in die Arbeit mit Literaturverwaltungsprogrammen (bitte w\u00e4hlen)<\/summary>\n<table style=\"border-style: solid;border-color: #6B9E1F;border-width: 2px;padding: 20px\">\n<tbody><tr>\n<td valign=\"top\">\n<a href=\"https:\/\/wikis.fu-berlin.de\/x\/PgedVw\" target=\"_blank\" rel=\"noopener\"><button style=\"background-color:#6B9E1F;color:#ffffff\"><b>Anmeldung f\u00fcr Citavi<\/b><\/button><\/a><br><br>\n<a href=\"https:\/\/wikis.fu-berlin.de\/x\/QgedVw\" target=\"_blank\" rel=\"noopener\"><button style=\"background-color:#6B9E1F;color:#ffffff\"><b>Anmeldung f\u00fcr Zotero<\/b><\/button><\/a><\/td>\n<td><a><\/a>Literaturverwaltungsprogramme helfen dabei, den \u00dcberblick \u00fcber Quellen zu behalten und die gelesene Literatur f\u00fcr eigene Texte zu nutzen.<\/td>\n<\/tr>\n<tr>\n<td>Kursleitung<\/td>\n<td>Johanna Gr\u00f6pler oder Ilona Praetze (Citavi)<br>\nLucia Meidinger (Zotero)<\/td>\n<\/tr>\n<tr>\n<td>Pr\u00e4senz\/online\/hybrid<\/td>\n<td>Online<\/td>\n<\/tr>\n<tr>\n<td>Ort<\/td>\n<td>Webex-Links folgen<\/td>\n<\/tr>\n<tr>\n<td>Max. Gruppengr\u00f6\u00dfe<\/td>\n<td>Je Literaturverwaltungsprogramm 20<\/td>\n<\/tr>\n<tr>\n<td>Zielgruppe<\/td>\n<td>Studierende in allen Studienphasen<\/td>\n<\/tr>\n<tr>\n<td>Voraussetzungen<\/td>\n<td>Zur aktiven Mitarbeit empfehlen wir, das jeweilige Literaturverwaltungsprogramm bereits vor der Schulung zu installieren.\n<a href=\"https:\/\/www.youtube.com\/watch?v=f87Q_RtAP4g\" target=\"_blank\" rel=\"noopener\"> Hier erfahrt Ihr mehr dar\u00fcber, welches der drei Programme f\u00fcr Euch geeignet ist. <\/a><br>\n<br>\n<b>Installation<\/b><br>\n<a href=\"https:\/\/www.fu-berlin.de\/sites\/ub\/literatursuche\/literaturverwaltung\/citavi6\/index.html\" target=\"_blank\" rel=\"noopener\">Citavi<\/a> (Nur Windows, Campuslizenz)<br>\n<a href=\"https:\/\/www.zotero.org\/\" target=\"_blank\" rel=\"noopener\">Zotero<\/a> (Win, iOS und Linux, Open Source)\n<\/td>\n<\/tr>\n<\/tbody><\/table>\n<\/details>\n\n\n\n<br>\n\n\n\n<details class=\"wp-block-details is-layout-flow wp-block-details-is-layout-flow\"><summary>Tipps und Tricks zur Literaturauswahl<\/summary>\n<table style=\"border-style: solid;border-color: #6B9E1F;border-width: 2px;padding: 20px\">\n<tbody><tr>\n<td valign=\"top\"><a href=\"https:\/\/wikis.fu-berlin.de\/x\/oAwWYQ\" target=\"_blank\" rel=\"noopener\"><button style=\"background-color:#6B9E1F;color:#ffffff\"><b>Anmeldung<\/b><\/button><\/a><\/td>\n<td><a name=\"tipps-tricks-lit\"><\/a>Qualit\u00e4tskriterien zur Bewertung wissenschaftlicher Quellen &#8211; wie erkenne ich, ob eine Quelle f\u00fcr meine Arbeit taugt?\n<ul>\n<li>Wann ist eine Quelle zitierf\u00e4hig und zitierw\u00fcrdig?<\/li>\n<li>Peer-Review<\/li>\n<li>Retration \/ Correction<\/li>\n<li>Crossmark<\/li>\n<li>Hintergrundrecherche in Primo und Web of Science<\/li><\/ul><\/td>\n<\/tr>\n<tr>\n<td>Kursleitung<\/td>\n<td>Heike Thomas<\/td>\n<\/tr>\n<tr>\n<td>Ort<\/td>\n<td><a href=\"https:\/\/app.guide3d.com\/100049\/mobile\/\" target=\"_blank\" rel=\"noopener\"> Raum JK 31\/124, Rostlaube, Habelschwerdter Allee 45 <\/a><\/td>\n<\/tr>\n<tr>\n<td>Gruppengr\u00f6\u00dfe<\/td>\n<td>25<\/td>\n<\/tr>\n<tr>\n<td>Zielgruppe<\/td>\n<td>Studierende in allen Studienphasen, Schwerpunkt BA, MA, interdisziplin\u00e4r<\/td>\n<\/tr>\n<tr>\n<td>Voraussetzungen<\/td>\n<td>keine<\/td>\n<\/tr>\n<\/tbody><\/table>\n<\/details>\n\n\n\n<br>\n\n\n\n<h2 class=\"wp-block-heading\">14:00 bis 15:30 Uhr<\/h2>\n\n\n\n<hr class=\"wp-block-separator has-text-color has-alpha-channel-opacity has-background is-style-wide\" style=\"background-color:#6b9e1f;color:#6b9e1f\" \/>\n\n\n\n<details class=\"wp-block-details is-layout-flow wp-block-details-is-layout-flow\"><summary>KI und wissenschaftliches Arbeiten: Prompten<\/summary>\n<table style=\"border-style: solid;border-color: #6B9E1F;border-width: 2px;padding: 20px\">\n<tbody><tr>\n<td valign=\"top\"><a href=\"https:\/\/wikis.fu-berlin.de\/x\/dwDLVw\" target=\"_blank\" rel=\"noopener\"><button style=\"background-color:#6B9E1F;color:#ffffff\"><b>Anmeldung<\/b><\/button><\/a><\/td>\n<td><a name=\"kiprompt\"><\/a>Um mit generativen Sprachmodellen die gew\u00fcnschten Ergebnisse zu erzielen, sind die Prompts (Eingaben) wichtig. Nach einer kurzen Einf\u00fchrung, was beim Prompten zu beachten ist, erproben Sie zun\u00e4chst vorgegebene Prompts. Im n\u00e4chsten Schritt passen Sie sich selbst Prompts nach Ihren Bed\u00fcrfnissen an bzw. erstellen sich Ihren Prompt selbst.<\/td>\n<\/tr>\n<tr>\n<td>Kursleitung<\/td>\n<td>Johanna Gr\u00f6pler, Armin Glatzmeier<\/td>\n<\/tr>\n<tr>\n<td>Ort<\/td>\n<td><a href=\"https:\/\/app.guide3d.com\/100049\/mobile\/\" target=\"_blank\" rel=\"noopener\">Raum JK 31\/124, Rostlaube, Habelschwerdter Allee 45<\/a><\/td>\n<\/tr>\n<tr>\n<td>Gruppengr\u00f6\u00dfe<\/td>\n<td>20<\/td>\n<\/tr>\n<tr>\n<td>Zielgruppe<\/td>\n<td>Studierende in allen Studienphasen<\/td>\n<\/tr>\n<tr>\n<td>Voraussetzungen<\/td>\n<td>Grundlagenkenntnisse in der Funktionsweise von Sprachmodellen (z.B. durch die <a href=\"https:\/\/wikis.fu-berlin.de\/x\/UAedVw\" target=\"_blank\" rel=\"noopener\">Einf\u00fchrung am Mo., 16.02.2026 um 14:00 Uhr<\/a><br>\nBitte eigenen Rechner mitbringen<\/td>\n<\/tr>\n<\/tbody><\/table>\n<\/details>\n\n\n\n<br>\n\n\n\n<h2 class=\"wp-block-heading\">16:00 bis 19:00 Uhr<\/h2>\n\n\n\n<div class=\"wp-block-group\"><div class=\"wp-block-group__inner-container is-layout-flow wp-block-group-is-layout-flow\">\n<hr class=\"wp-block-separator has-text-color has-alpha-channel-opacity has-background is-style-wide\" style=\"background-color:#6b9e1f;color:#6b9e1f\" \/>\n\n\n\n<details class=\"wp-block-details is-layout-flow wp-block-details-is-layout-flow\"><summary>Schreibzeit<\/summary>\n<table style=\"border-style: solid;border-color: #6B9E1F;border-width: 2px;padding: 20px\">\n<tbody><tr>\n   <td valign=\"top\"><a href=\"https:\/\/wikis.fu-berlin.de\/x\/VgedVw\" target=\"_blank\" rel=\"noopener\"><button style=\"background-color:#6B9E1F;color:#ffffff\"><b>Anmeldung<\/b><\/button><\/a><\/td>\n   <td><p>Suchst Du einen Raum, in dem Du ablenkungsfrei und konzentriert an Deinem Projekt schreiben kannst? Brauchst Du kurzes Feedback? In der Schreibzeit kannst Du den Laptop aufklappen und Dich f\u00fcr 3 Stunden ungest\u00f6rt Deinem Projekt widmen. Bei Bedarf kannst Du Dich f\u00fcr Feedback oder methodischen Input in Form einer Kurzintervention von 5 Minuten an uns wenden.<\/p>\n<p>Im Anschluss an die Schreibphase kommen alle Beteiligten f\u00fcr einen 20-min\u00fctigen Austausch \u00fcber das Geschriebene und den eigenen Fortschritt zusammen, mit dem Ziel, Dir etwas f\u00fcr dein eigenes Schreiben mitzugeben.<\/p>\n\n <\/td>\n  <\/tr>\n  <tr>\n    <td>Kursleitung<\/td>\n    <td>Armin Glatzmeier, Johanna Gr\u00f6pler<\/td>\n  <\/tr>\n <tr>\n    <td>Ort<\/td>\n    <td><a href=\"https:\/\/app.guide3d.com\/100049\/mobile\/\" target=\"_blank\" rel=\"noopener\">Gruppenraum der Philologischen Bibliothek, Rostlaube, Habelschwerdter Allee 45<\/a><\/td>\n  <\/tr>\n<tr>\n    <td>Gruppengr\u00f6\u00dfe<\/td>\n    <td>3 bis 20<\/td>\n  <\/tr>\n<tr>\n    <td>Zielgruppe<\/td>\n    <td>Studierende in allen Studienphasen<\/td>\n  <\/tr>\n<tr>\n    <td>Voraussetzungen<\/td>\n    <td>konkretes Schreibprojekt (Haus- Abschlussarbeit)<\/td>\n  <\/tr>\n<\/tbody><\/table>\n<\/details>\n\n\n\n<br>\n\n\n\n<hr class=\"wp-block-separator has-text-color has-alpha-channel-opacity has-background is-style-wide\" style=\"background-color:#6b9e1f;color:#6b9e1f\" \/>\n\n\n\n<br>\n<\/div><\/div>\n","protected":false},"excerpt":{"rendered":"<p>10:00 bis 11:30 Uhr 12:00 bis 13:30 Uhr 14:00 bis 15:30 Uhr 16:00 bis 19:00 Uhr<\/p>\n","protected":false},"author":7871,"featured_media":0,"parent":0,"menu_order":0,"comment_status":"closed","ping_status":"closed","template":"","meta":{"footnotes":""},"class_list":["post-552","page","type-page","status-publish","hentry"],"_links":{"self":[{"href":"https:\/\/blogs.fu-berlin.de\/schreibwoche\/wp-json\/wp\/v2\/pages\/552","targetHints":{"allow":["GET"]}}],"collection":[{"href":"https:\/\/blogs.fu-berlin.de\/schreibwoche\/wp-json\/wp\/v2\/pages"}],"about":[{"href":"https:\/\/blogs.fu-berlin.de\/schreibwoche\/wp-json\/wp\/v2\/types\/page"}],"author":[{"embeddable":true,"href":"https:\/\/blogs.fu-berlin.de\/schreibwoche\/wp-json\/wp\/v2\/users\/7871"}],"replies":[{"embeddable":true,"href":"https:\/\/blogs.fu-berlin.de\/schreibwoche\/wp-json\/wp\/v2\/comments?post=552"}],"version-history":[{"count":127,"href":"https:\/\/blogs.fu-berlin.de\/schreibwoche\/wp-json\/wp\/v2\/pages\/552\/revisions"}],"predecessor-version":[{"id":2365,"href":"https:\/\/blogs.fu-berlin.de\/schreibwoche\/wp-json\/wp\/v2\/pages\/552\/revisions\/2365"}],"wp:attachment":[{"href":"https:\/\/blogs.fu-berlin.de\/schreibwoche\/wp-json\/wp\/v2\/media?parent=552"}],"curies":[{"name":"wp","href":"https:\/\/api.w.org\/{rel}","templated":true}]}}