{"id":7,"date":"2016-02-07T14:23:10","date_gmt":"2016-02-07T13:23:10","guid":{"rendered":"https:\/\/blogs.fu-berlin.de\/sicherheit\/?page_id=7"},"modified":"2016-04-29T07:25:55","modified_gmt":"2016-04-29T05:25:55","slug":"organisation","status":"publish","type":"page","link":"https:\/\/blogs.fu-berlin.de\/sicherheit\/organisation\/","title":{"rendered":"Organisation"},"content":{"rendered":"<p style=\"text-align: justify\">(bitte links verfolgen)<\/p>\n<p style=\"text-align: justify\">Kursorganisation und Ziele<\/p>\n<p style=\"text-align: justify\">Arbeitsformen<\/p>\n<p style=\"text-align: justify\">Bedingungen f\u00fcr den Scheinerwerb<\/p>\n<p style=\"text-align: justify\"><a href=\"https:\/\/blogs.fu-berlin.de\/sicherheit\/organisation\/ablauf-planung-arbeitsformen\/stud-beitraege-ags\/\">Studentische Beitr\u00e4ge<\/a><\/p>\n<p style=\"text-align: justify\">Weiteres<\/p>\n<p>Allgemeine Informationen<\/p>\n<p>&nbsp;<\/p>\n<p>Blockseminare haben\u00a0 sicherlich Vor- und Nachteile. Es ist manchmal ein Vorteil, die Zeitplanung f\u00fcr Diskussionen und Pausen der Dynamik des Kurses flexibler anpassen zu k\u00f6nnen.<\/p>\n<p>Allerdings ist ein langer Tag auch anstrengend. Er wird aber dann etwas ertr\u00e4glicher, wenn alle gut vorbereitet sind, sich auf die Diskussionen auch jenseits des eigenen Vortrages einlassen und die Zeitplanung beachten (bitte also p\u00fcnktlich kommen und Pausen nicht \u00fcberziehen; aufgrund geschlossener Mensen u.U. Lunchpakete mitbringen).<\/p>\n<p>&nbsp;<\/p>\n<p>Immer wieder stellen Teilnehmer_Innen die Frage, ob sie aus terminlichen Zw\u00e4ngen teilweise fehlen k\u00f6nnen.<\/p>\n<p>Im Sinne der Dynamik eines solchen Seminares sowie der Teilnahme-Nachweise kann dies nur f\u00fcr den Krankheitsfall (AU-Bescheinigung nachreichen, Abschnitt f\u00fcr den Arbeitgeber) gelten.<\/p>\n<p>&nbsp;<\/p>\n<p><strong>F\u00fcr die Beitr\u00e4ge:<\/strong><\/p>\n<p>Bitte denken Sie immer daran: Alle Teilnehmer machen sich an einem Wochenende morgens auf den Weg nach Dahlem.<\/p>\n<p>Niemand m\u00f6chte uninspirierte, \u00fcberlange Vortr\u00e4ge h\u00f6ren, Sie selbst ja sicher auch nicht. Und: ein langes Blockseminar bringt ohnehin viel Input.<\/p>\n<p>Was ist das Wesentliche, die zentrale Aussage, wichtigsten Thesen, die Sie vermitteln m\u00f6chten?<\/p>\n<p>&nbsp;<\/p>\n<p>Weiteres:<\/p>\n<p>Bitte alle Vortr\u00e4ge mit einem <strong>einseitigen A4-Thesenpapier (hochkant, 1,5, Zeilen-Abstand; Quellen in Fu\u00dfzeile) begleiten,<\/strong> kopiert bitte f\u00fcr alle mitbringen. Die Arbeit mit Medien (Bildern, Karten, \u00dcbersichten) schafft immer einen lebendigen Vortrag. \u00dcberfrachten Sie aber die Vortr\u00e4ge nicht. Klassische PowerPoint-Vortr\u00e4ge sind keine Pflicht- Strukturierung kann auch anders erfolgen!<\/p>\n<p>Organisatorisches:<\/p>\n<p>&#8211; Bitte auf die Blog-Seite des Kurses in FU-Blogs gehen. Bitte zun\u00e4chst dort aktiv einschreiben. Geschieht nicht automatisch.<\/p>\n<p>&#8211; Dort stehen alle Einf\u00fchrungstexte, alles Organisatorische, sowie eine Sammlung von Materialien zum Kurs.<\/p>\n<p>&#8211; Passwort f\u00fcr alle gesch\u00fctzten Materialien: SICH<\/p>\n<p>&#8211; Bitte den RSS Feed abonnieren.<\/p>\n<p>&nbsp;<\/p>\n","protected":false},"excerpt":{"rendered":"<p>(bitte links verfolgen) Kursorganisation und Ziele Arbeitsformen Bedingungen f\u00fcr den Scheinerwerb Studentische Beitr\u00e4ge Weiteres Allgemeine Informationen &nbsp; Blockseminare haben\u00a0 sicherlich Vor- und Nachteile. Es ist manchmal ein Vorteil, die Zeitplanung f\u00fcr Diskussionen und Pausen der Dynamik des Kurses flexibler anpassen zu k\u00f6nnen. Allerdings ist ein langer Tag auch anstrengend. Er wird aber dann etwas ertr\u00e4glicher, [&hellip;]<\/p>\n","protected":false},"author":1938,"featured_media":0,"parent":0,"menu_order":2,"comment_status":"closed","ping_status":"closed","template":"","meta":{"footnotes":""},"class_list":["post-7","page","type-page","status-publish","hentry"],"_links":{"self":[{"href":"https:\/\/blogs.fu-berlin.de\/sicherheit\/wp-json\/wp\/v2\/pages\/7","targetHints":{"allow":["GET"]}}],"collection":[{"href":"https:\/\/blogs.fu-berlin.de\/sicherheit\/wp-json\/wp\/v2\/pages"}],"about":[{"href":"https:\/\/blogs.fu-berlin.de\/sicherheit\/wp-json\/wp\/v2\/types\/page"}],"author":[{"embeddable":true,"href":"https:\/\/blogs.fu-berlin.de\/sicherheit\/wp-json\/wp\/v2\/users\/1938"}],"replies":[{"embeddable":true,"href":"https:\/\/blogs.fu-berlin.de\/sicherheit\/wp-json\/wp\/v2\/comments?post=7"}],"version-history":[{"count":7,"href":"https:\/\/blogs.fu-berlin.de\/sicherheit\/wp-json\/wp\/v2\/pages\/7\/revisions"}],"predecessor-version":[{"id":251,"href":"https:\/\/blogs.fu-berlin.de\/sicherheit\/wp-json\/wp\/v2\/pages\/7\/revisions\/251"}],"wp:attachment":[{"href":"https:\/\/blogs.fu-berlin.de\/sicherheit\/wp-json\/wp\/v2\/media?parent=7"}],"curies":[{"name":"wp","href":"https:\/\/api.w.org\/{rel}","templated":true}]}}