{"id":152,"date":"2022-06-07T09:26:28","date_gmt":"2022-06-07T07:26:28","guid":{"rendered":"https:\/\/blogs.fu-berlin.de\/sommerfest\/?page_id=152"},"modified":"2026-01-06T14:44:41","modified_gmt":"2026-01-06T13:44:41","slug":"lageplan","status":"publish","type":"page","link":"https:\/\/blogs.fu-berlin.de\/sommerfest\/lageplan\/","title":{"rendered":"Lageplan"},"content":{"rendered":"\n<p>Erlebt tolle Live-Musik auf unserer gro\u00dfen B\u00fchne und tanzt euch in den Abend. Mit Live-Musik ,bei der f\u00fcr jeden etwas dabei ist. F\u00fchlt euch frei und schwingt das Tanzbein!<\/p>\n\n\n\n<p>Auch das Sportlerherz wird bei unserem Sommerfest befriedigt. Freut euch auf Bierpong, Cornhole, Tischtennis, und viele weitere Sportstationen<\/p>\n\n\n\n<p>Euch erwarten zahlreiche Essens- und Trinkm\u00f6glichkeiten, wo f\u00fcr jeden Geschmack etwas dabei ist!<\/p>\n\n\n\n<p>All dies und vieles mehr erwartet euch am 25.06.2026 ab 16 Uhr auf dem Sommerfest der Freien Universit\u00e4t Berlin!<\/p>\n\n\n\n<p>Wir freuen uns auf euch!<\/p>\n","protected":false},"excerpt":{"rendered":"<p>Erlebt tolle Live-Musik auf unserer gro\u00dfen B\u00fchne und tanzt euch in den Abend. Mit Live-Musik ,bei der f\u00fcr jeden etwas dabei ist. F\u00fchlt euch frei und schwingt das Tanzbein! Auch das Sportlerherz wird bei unserem Sommerfest befriedigt. Freut euch auf Bierpong, Cornhole, Tischtennis, und viele weitere Sportstationen Euch erwarten zahlreiche Essens- und Trinkm\u00f6glichkeiten, wo f\u00fcr &hellip; <a href=\"https:\/\/blogs.fu-berlin.de\/sommerfest\/lageplan\/\" class=\"more-link\"><span class=\"screen-reader-text\">\u201eLageplan\u201c<\/span> weiterlesen<\/a><\/p>\n","protected":false},"author":2541,"featured_media":476,"parent":0,"menu_order":0,"comment_status":"closed","ping_status":"closed","template":"","meta":{"footnotes":""},"class_list":["post-152","page","type-page","status-publish","has-post-thumbnail","hentry"],"_links":{"self":[{"href":"https:\/\/blogs.fu-berlin.de\/sommerfest\/wp-json\/wp\/v2\/pages\/152","targetHints":{"allow":["GET"]}}],"collection":[{"href":"https:\/\/blogs.fu-berlin.de\/sommerfest\/wp-json\/wp\/v2\/pages"}],"about":[{"href":"https:\/\/blogs.fu-berlin.de\/sommerfest\/wp-json\/wp\/v2\/types\/page"}],"author":[{"embeddable":true,"href":"https:\/\/blogs.fu-berlin.de\/sommerfest\/wp-json\/wp\/v2\/users\/2541"}],"replies":[{"embeddable":true,"href":"https:\/\/blogs.fu-berlin.de\/sommerfest\/wp-json\/wp\/v2\/comments?post=152"}],"version-history":[{"count":25,"href":"https:\/\/blogs.fu-berlin.de\/sommerfest\/wp-json\/wp\/v2\/pages\/152\/revisions"}],"predecessor-version":[{"id":489,"href":"https:\/\/blogs.fu-berlin.de\/sommerfest\/wp-json\/wp\/v2\/pages\/152\/revisions\/489"}],"wp:featuredmedia":[{"embeddable":true,"href":"https:\/\/blogs.fu-berlin.de\/sommerfest\/wp-json\/wp\/v2\/media\/476"}],"wp:attachment":[{"href":"https:\/\/blogs.fu-berlin.de\/sommerfest\/wp-json\/wp\/v2\/media?parent=152"}],"curies":[{"name":"wp","href":"https:\/\/api.w.org\/{rel}","templated":true}]}}