{"id":67,"date":"2022-02-24T11:25:13","date_gmt":"2022-02-24T10:25:13","guid":{"rendered":"https:\/\/blogs.fu-berlin.de\/sommerfest\/?page_id=67"},"modified":"2026-01-06T14:44:52","modified_gmt":"2026-01-06T13:44:52","slug":"zeitplan-aktionen","status":"publish","type":"page","link":"https:\/\/blogs.fu-berlin.de\/sommerfest\/zeitplan-aktionen\/","title":{"rendered":"Zeitplan &amp; Aktionen"},"content":{"rendered":"\n<p>Sowohl auf der B\u00fchne als auch auf dem Festplatz gibt es viel zu sehen, zu h\u00f6ren und zu erleben. Dazu gibt es leckere Getr\u00e4nke und Essen. Tragt Euch den 25.Juni <strong>dick<\/strong> im Kalender ein!<br><\/p>\n\n\n\n<p><strong>ZEITPLAN \u2013 25.06.2026<\/strong><br>16:00 Uhr: Start St\u00e4nde &amp; Aktionen<br>16:05 Uhr: Offizielle Er\u00f6ffnung<br>16:15 Uhr: Livemusik<br>16:30 Uhr:\u00a0Start KIDS-Lauf <em>(1km)<\/em><br>17:15 Uhr:\u00a0Start Campus Run <em>(2,5km, 5km, 7,5km und 10km)<\/em><br>18:30 Uhr:\u00a0Siegerehrung, die gr\u00f6\u00dften Teams &amp; besten Kost\u00fcme<br>18:45 Uhr: Livemusik<br>21:15 Uhr: Ende<\/p>\n\n\n\n<p><\/p>\n\n\n\n<p><strong>LIVE ACTS<\/strong><a href=\"https:\/\/www.instagram.com\/p\/DS2ZVliAffh\/?utm_source=ig_embed&amp;utm_campaign=loading\" target=\"_blank\" rel=\"noreferrer noopener\"><\/a><a href=\"https:\/\/www.instagram.com\/p\/DS2ZVliAffh\/?utm_source=ig_embed&amp;utm_campaign=loading\" target=\"_blank\" rel=\"noreferrer noopener\"><\/a><\/p>\n\n\n\n<p>FU Sommerfest 2026 \u2013 Deine Chance auf die gro\u00dfe B\u00fchne! <br><br>Der Hochschulsport der FU Berlin startet eine besondere Aktion f\u00fcr das Sommerfest am 25.06.2026:<br><br>Wir suchen Bands oder Solo-K\u00fcnstler*innen, die Lust haben, auf der gro\u00dfen B\u00fchne beim Sommerfest der FU Berlin aufzutreten! <br>Du wolltest schon immer einmal auf einer echten Festivalb\u00fchne stehen, dein Talent zeigen und die Menge begeistern?<br><br>Dann ist jetzt deine Chance!<br><br> Bewirb dich bis zum 01.03.2026 mit einer kurzen Vorstellung + H\u00f6rprobe an:<br>info@hochschulsport.fu-berlin.de<br><br>Schnapp dir dein Instrument oder dein Mikrofon und werde Teil eines unvergesslichen Sommerfests! <\/p>\n\n\n\n<p><br><strong>AKTIONEN:<\/strong><\/p>\n\n\n\n<p>Beim Sommerfest kannst du nicht nur die Bands auf der B\u00fchne genie\u00dfen! Auf dich warten viele tolle kostenfreie Atraktionen, bei denen du dich ausprobieren und austoben kannst:<\/p>\n\n\n\n<ul class=\"wp-block-list\">\n<li>mehrere Tischkicker, Cornholes Wurfspiele, Tischtennisplatten und viele Kleinsportspiele<\/li>\n\n\n\n<li>eine Bierpong-Area<\/li>\n\n\n\n<li>der FU Berlin-Unishop<\/li>\n\n\n\n<li>ein Chillout-Bereich, und vieles mehr..<\/li>\n<\/ul>\n\n\n\n<p><strong>GETR\u00c4NKE &amp; ESSEN:<\/strong><\/p>\n\n\n\n<p>Wir planen mit mehreren Getr\u00e4nke- &amp; Cocktailst\u00e4nden sowie Foodtrucks.<br>Details zum Essensangebot teilen wir im Laufe der Vorbereitungen mit.<\/p>\n\n\n\n<p><strong>AWARENESS-TEAM:<\/strong><\/p>\n\n\n\n<p>\u201eZum diesj\u00e4hrigen FU-Sommerfest gibt es neben Live-Musik, k\u00fchlen Getr\u00e4nken, Gegrilltem und einem breiten Rahmenprogramm wieder ein nettes Miteinander. Damit sich bei diesem Miteinander auch jede Person wohl f\u00fchlt, m\u00f6chten wir unseren Beitrag leisten und sind mit unserem <strong>FU-Awareness-Team<\/strong> vor Ort. Gemeinsam sind wir eine Anlaufstelle f\u00fcr Betroffene bei \u00dcberforderung, Diskriminierung oder jeglicher Art von Gewalt. In diesen F\u00e4llen m\u00f6chten wir unsere Unterst\u00fctzung anbieten, sind jeder Zeit ansprechbar, h\u00f6ren zu und helfen weiter. Ihr erkennt uns an unseren gelben <strong>Westen mit einem Awareness-Aufdruck <\/strong>auf dem R\u00fccken. Zudem haben wir einen Stand beim Sommerfest neben dem Info-Point, an dem ihr uns jederzeit ansprechen k\u00f6nnt. Solltet ihr euch in einer akuten Gefahrensituation befindet, sprecht uns, die Security oder auch Leute, die an den St\u00e4nden arbeiten an und verwendet das <strong>Code-Wort \u201eWo ist Louisa?<\/strong>\u201c. Anschlie\u00dfend wissen die Leute sofort Bescheid und ihr werdet zu einem sicheren Ort begleitet. Wir freuen uns auf sonnige Stunden und ein gemeinsames friedliches Miteinander zusammen.\u201c<\/p>\n\n\n\n<p><\/p>\n","protected":false},"excerpt":{"rendered":"<p>Sowohl auf der B\u00fchne als auch auf dem Festplatz gibt es viel zu sehen, zu h\u00f6ren und zu erleben. Dazu gibt es leckere Getr\u00e4nke und Essen. Tragt Euch den 25.Juni dick im Kalender ein! ZEITPLAN \u2013 25.06.202616:00 Uhr: Start St\u00e4nde &amp; Aktionen16:05 Uhr: Offizielle Er\u00f6ffnung16:15 Uhr: Livemusik16:30 Uhr:\u00a0Start KIDS-Lauf (1km)17:15 Uhr:\u00a0Start Campus Run (2,5km, 5km, &hellip; <a href=\"https:\/\/blogs.fu-berlin.de\/sommerfest\/zeitplan-aktionen\/\" class=\"more-link\"><span class=\"screen-reader-text\">\u201eZeitplan &amp; Aktionen\u201c<\/span> weiterlesen<\/a><\/p>\n","protected":false},"author":4131,"featured_media":476,"parent":0,"menu_order":0,"comment_status":"closed","ping_status":"closed","template":"","meta":{"footnotes":""},"class_list":["post-67","page","type-page","status-publish","has-post-thumbnail","hentry"],"_links":{"self":[{"href":"https:\/\/blogs.fu-berlin.de\/sommerfest\/wp-json\/wp\/v2\/pages\/67","targetHints":{"allow":["GET"]}}],"collection":[{"href":"https:\/\/blogs.fu-berlin.de\/sommerfest\/wp-json\/wp\/v2\/pages"}],"about":[{"href":"https:\/\/blogs.fu-berlin.de\/sommerfest\/wp-json\/wp\/v2\/types\/page"}],"author":[{"embeddable":true,"href":"https:\/\/blogs.fu-berlin.de\/sommerfest\/wp-json\/wp\/v2\/users\/4131"}],"replies":[{"embeddable":true,"href":"https:\/\/blogs.fu-berlin.de\/sommerfest\/wp-json\/wp\/v2\/comments?post=67"}],"version-history":[{"count":95,"href":"https:\/\/blogs.fu-berlin.de\/sommerfest\/wp-json\/wp\/v2\/pages\/67\/revisions"}],"predecessor-version":[{"id":490,"href":"https:\/\/blogs.fu-berlin.de\/sommerfest\/wp-json\/wp\/v2\/pages\/67\/revisions\/490"}],"wp:featuredmedia":[{"embeddable":true,"href":"https:\/\/blogs.fu-berlin.de\/sommerfest\/wp-json\/wp\/v2\/media\/476"}],"wp:attachment":[{"href":"https:\/\/blogs.fu-berlin.de\/sommerfest\/wp-json\/wp\/v2\/media?parent=67"}],"curies":[{"name":"wp","href":"https:\/\/api.w.org\/{rel}","templated":true}]}}