{"id":119,"date":"2021-02-22T21:16:45","date_gmt":"2021-02-22T20:16:45","guid":{"rendered":"https:\/\/blogs.fu-berlin.de\/statmet\/?page_id=119"},"modified":"2021-08-08T22:46:28","modified_gmt":"2021-08-08T20:46:28","slug":"angewandte-statistik-ii-ihre-fragen-zum-ueben","status":"publish","type":"page","link":"https:\/\/blogs.fu-berlin.de\/statmet\/angewandte-statistik-ii-ihre-fragen-zum-ueben\/","title":{"rendered":"Einf\u00fchrung in die Statistik und Wahrscheinlichkeitstheorie &#8212;  Fragen zum \u00dcben"},"content":{"rendered":"\n<p>Bearbeiten Sie in Zweier- oder Dreiergruppen die folgenden Fragen. Wechseln Sie dabei nach jeder Frage die Rolle des Fragenden. Erl\u00e4utern Sie Ihre Antworten so, als w\u00fcrden Sie in einer Pr\u00fcfungssituation sein. Nehmen Sie Papier und Stift zur Hilfe. <\/p>\n\n\n\n<p>Hinweis: Die Karten haben alle einen &#8222;Nix-Passiert&#8220;-Knopf, der nichts bewirkt. Insbesondere gibt es hier keine L\u00f6sungen.<\/p>\n\n\n<div class=\"h5p-iframe-wrapper\"><iframe id=\"h5p-iframe-17\" class=\"h5p-iframe\" data-content-id=\"17\" style=\"height:1px\" src=\"about:blank\" frameBorder=\"0\" scrolling=\"no\" title=\"Statistik, Meteorologie, Pr\u00fcfungsvorbereitung\"><\/iframe><\/div>\n","protected":false},"excerpt":{"rendered":"<p>Bearbeiten Sie in Zweier- oder Dreiergruppen die folgenden Fragen. Wechseln Sie dabei nach jeder Frage die Rolle des Fragenden. Erl\u00e4utern Sie Ihre Antworten so, als w\u00fcrden Sie in einer Pr\u00fcfungssituation sein. Nehmen Sie Papier und Stift zur Hilfe. Hinweis: Die Karten haben alle einen &#8222;Nix-Passiert&#8220;-Knopf, der nichts bewirkt. Insbesondere gibt es hier keine L\u00f6sungen.<\/p>\n","protected":false},"author":4306,"featured_media":0,"parent":0,"menu_order":0,"comment_status":"closed","ping_status":"closed","template":"","meta":{"footnotes":""},"class_list":["post-119","page","type-page","status-publish","hentry"],"_links":{"self":[{"href":"https:\/\/blogs.fu-berlin.de\/statmet\/wp-json\/wp\/v2\/pages\/119","targetHints":{"allow":["GET"]}}],"collection":[{"href":"https:\/\/blogs.fu-berlin.de\/statmet\/wp-json\/wp\/v2\/pages"}],"about":[{"href":"https:\/\/blogs.fu-berlin.de\/statmet\/wp-json\/wp\/v2\/types\/page"}],"author":[{"embeddable":true,"href":"https:\/\/blogs.fu-berlin.de\/statmet\/wp-json\/wp\/v2\/users\/4306"}],"replies":[{"embeddable":true,"href":"https:\/\/blogs.fu-berlin.de\/statmet\/wp-json\/wp\/v2\/comments?post=119"}],"version-history":[{"count":3,"href":"https:\/\/blogs.fu-berlin.de\/statmet\/wp-json\/wp\/v2\/pages\/119\/revisions"}],"predecessor-version":[{"id":164,"href":"https:\/\/blogs.fu-berlin.de\/statmet\/wp-json\/wp\/v2\/pages\/119\/revisions\/164"}],"wp:attachment":[{"href":"https:\/\/blogs.fu-berlin.de\/statmet\/wp-json\/wp\/v2\/media?parent=119"}],"curies":[{"name":"wp","href":"https:\/\/api.w.org\/{rel}","templated":true}]}}