{"id":199,"date":"2022-01-04T11:39:44","date_gmt":"2022-01-04T10:39:44","guid":{"rendered":"https:\/\/blogs.fu-berlin.de\/statmet\/?page_id=199"},"modified":"2022-01-05T10:04:56","modified_gmt":"2022-01-05T09:04:56","slug":"modellselektion","status":"publish","type":"page","link":"https:\/\/blogs.fu-berlin.de\/statmet\/modellselektion\/","title":{"rendered":"Modellselektion"},"content":{"rendered":"\n<p>Bei der Modellselektion geht es darum, aus den verschiedenen zur Verf\u00fcgung stehenden Modellen eines oder  mehrere in nachvollziehbarer Weise (also transparent) auszuw\u00e4hlen. Die ausgew\u00e4lten Modelle sollen angesichts der Forschungsfrage geeignet sein und nur so einfach sein, wie m\u00f6glich &#8212; aber nicht einfacher! Im Wesentlichen gibt es dazu zwei verschiedene Herangehensweisen:<\/p>\n\n\n\n<ul class=\"wp-block-list\"><li><a href=\"https:\/\/blogs.fu-berlin.de\/statmet\/frequentistische-modellselektion\/\">Testtheoretisch<\/a><\/li><li><a href=\"https:\/\/blogs.fu-berlin.de\/statmet\/informationstheoretische-modellselektion\/\">Informationstheoretisch<\/a><\/li><\/ul>\n\n\n\n<p><\/p>\n","protected":false},"excerpt":{"rendered":"<p>Bei der Modellselektion geht es darum, aus den verschiedenen zur Verf\u00fcgung stehenden Modellen eines oder mehrere in nachvollziehbarer Weise (also transparent) auszuw\u00e4hlen. Die ausgew\u00e4lten Modelle sollen angesichts der Forschungsfrage geeignet sein und nur so einfach sein, wie m\u00f6glich &#8212; aber nicht einfacher! Im Wesentlichen gibt es dazu zwei verschiedene Herangehensweisen: Testtheoretisch Informationstheoretisch<\/p>\n","protected":false},"author":6859,"featured_media":0,"parent":0,"menu_order":0,"comment_status":"closed","ping_status":"closed","template":"","meta":{"footnotes":""},"class_list":["post-199","page","type-page","status-publish","hentry"],"_links":{"self":[{"href":"https:\/\/blogs.fu-berlin.de\/statmet\/wp-json\/wp\/v2\/pages\/199","targetHints":{"allow":["GET"]}}],"collection":[{"href":"https:\/\/blogs.fu-berlin.de\/statmet\/wp-json\/wp\/v2\/pages"}],"about":[{"href":"https:\/\/blogs.fu-berlin.de\/statmet\/wp-json\/wp\/v2\/types\/page"}],"author":[{"embeddable":true,"href":"https:\/\/blogs.fu-berlin.de\/statmet\/wp-json\/wp\/v2\/users\/6859"}],"replies":[{"embeddable":true,"href":"https:\/\/blogs.fu-berlin.de\/statmet\/wp-json\/wp\/v2\/comments?post=199"}],"version-history":[{"count":3,"href":"https:\/\/blogs.fu-berlin.de\/statmet\/wp-json\/wp\/v2\/pages\/199\/revisions"}],"predecessor-version":[{"id":224,"href":"https:\/\/blogs.fu-berlin.de\/statmet\/wp-json\/wp\/v2\/pages\/199\/revisions\/224"}],"wp:attachment":[{"href":"https:\/\/blogs.fu-berlin.de\/statmet\/wp-json\/wp\/v2\/media?parent=199"}],"curies":[{"name":"wp","href":"https:\/\/api.w.org\/{rel}","templated":true}]}}