{"id":37,"date":"2021-02-01T22:28:40","date_gmt":"2021-02-01T21:28:40","guid":{"rendered":"https:\/\/blogs.fu-berlin.de\/statmet\/?page_id=37"},"modified":"2021-02-01T22:41:10","modified_gmt":"2021-02-01T21:41:10","slug":"vorhersageverifikation","status":"publish","type":"page","link":"https:\/\/blogs.fu-berlin.de\/statmet\/vorhersageverifikation\/","title":{"rendered":"Aspekte der Vorhersageverifikation"},"content":{"rendered":"\n<p>Skalare Ma\u00dfe der Vorhersageverifikation k\u00f6nnen nicht die komplette Information der gemeinsamen (bivariaten) Verteilung der Vorhersageverifikation beinhalten, sie k\u00f6nnen nur einzelne <strong>Aspekte<\/strong> der Vorhersageverifikation bestimmen.<\/p>\n\n\n<div class=\"h5p-iframe-wrapper\"><iframe id=\"h5p-iframe-6\" class=\"h5p-iframe\" data-content-id=\"6\" style=\"height:1px\" src=\"about:blank\" frameBorder=\"0\" scrolling=\"no\" title=\"Vorhersageverifikation, Aspekte, Skalare Ma\u00dfe\"><\/iframe><\/div>\n\n\n\n<p>Typischerweise erschlie\u00dft sich die Notwendigkeit der Aspekte und auch ihre Bedeutung mit zunehmender Besch\u00e4ftigung mit der Vorhersageverifikation.<\/p>\n","protected":false},"excerpt":{"rendered":"<p>Skalare Ma\u00dfe der Vorhersageverifikation k\u00f6nnen nicht die komplette Information der gemeinsamen (bivariaten) Verteilung der Vorhersageverifikation beinhalten, sie k\u00f6nnen nur einzelne Aspekte der Vorhersageverifikation bestimmen. Typischerweise erschlie\u00dft sich die Notwendigkeit der Aspekte und auch ihre Bedeutung mit zunehmender Besch\u00e4ftigung mit der Vorhersageverifikation.<\/p>\n","protected":false},"author":4306,"featured_media":0,"parent":0,"menu_order":0,"comment_status":"closed","ping_status":"closed","template":"page_ohne-sb.php","meta":{"footnotes":""},"class_list":["post-37","page","type-page","status-publish","hentry"],"_links":{"self":[{"href":"https:\/\/blogs.fu-berlin.de\/statmet\/wp-json\/wp\/v2\/pages\/37","targetHints":{"allow":["GET"]}}],"collection":[{"href":"https:\/\/blogs.fu-berlin.de\/statmet\/wp-json\/wp\/v2\/pages"}],"about":[{"href":"https:\/\/blogs.fu-berlin.de\/statmet\/wp-json\/wp\/v2\/types\/page"}],"author":[{"embeddable":true,"href":"https:\/\/blogs.fu-berlin.de\/statmet\/wp-json\/wp\/v2\/users\/4306"}],"replies":[{"embeddable":true,"href":"https:\/\/blogs.fu-berlin.de\/statmet\/wp-json\/wp\/v2\/comments?post=37"}],"version-history":[{"count":3,"href":"https:\/\/blogs.fu-berlin.de\/statmet\/wp-json\/wp\/v2\/pages\/37\/revisions"}],"predecessor-version":[{"id":40,"href":"https:\/\/blogs.fu-berlin.de\/statmet\/wp-json\/wp\/v2\/pages\/37\/revisions\/40"}],"wp:attachment":[{"href":"https:\/\/blogs.fu-berlin.de\/statmet\/wp-json\/wp\/v2\/media?parent=37"}],"curies":[{"name":"wp","href":"https:\/\/api.w.org\/{rel}","templated":true}]}}