{"id":60,"date":"2021-02-08T11:42:51","date_gmt":"2021-02-08T10:42:51","guid":{"rendered":"https:\/\/blogs.fu-berlin.de\/statmet\/?page_id=60"},"modified":"2022-01-30T22:44:19","modified_gmt":"2022-01-30T21:44:19","slug":"vorhersageverifikation-uebungen","status":"publish","type":"page","link":"https:\/\/blogs.fu-berlin.de\/statmet\/vorhersageverifikation-2\/vorhersageverifikation-uebungen\/","title":{"rendered":"Vorhersageverifikation &#8212; \u00dcbungen"},"content":{"rendered":"\n<p>\u00dcbungen zur \u00dcberpr\u00fcfung des Grundlagenwissenes zum Thema Vorhersageverifikation.<\/p>\n\n\n\n<hr class=\"wp-block-separator\" \/>\n\n\n\n<h2 class=\"wp-block-heading\">Das Herz der Vorhersageverifikation<\/h2>\n\n\n\n<p>Ziehen Sie die Begriffe unter den richtigen Teil der Gleichungen.<\/p>\n\n\n<div class=\"h5p-iframe-wrapper\"><iframe id=\"h5p-iframe-9\" class=\"h5p-iframe\" data-content-id=\"9\" style=\"height:1px\" src=\"about:blank\" frameBorder=\"0\" scrolling=\"no\" title=\"Vorhersageverifikation: Die gemeinsame Verteilung und ihre Faktorisierungen\"><\/iframe><\/div>\n\n\n\n<hr class=\"wp-block-separator is-style-wide\" \/>\n\n\n\n<h2 class=\"wp-block-heading\">Aspekte der Vorhersageverifikation<\/h2>\n\n\n<div class=\"h5p-iframe-wrapper\"><iframe id=\"h5p-iframe-40\" class=\"h5p-iframe\" data-content-id=\"40\" style=\"height:1px\" src=\"about:blank\" frameBorder=\"0\" scrolling=\"no\" title=\"Vorhersageverifikation: Ziehe die Begriffe und Erkl\u00e4rungen an die richtige Stelle\"><\/iframe><\/div>\n\n\n\n<hr class=\"wp-block-separator is-style-wide\" \/>\n\n\n\n<h2 class=\"wp-block-heading\">Skill Score &#8212; Definition<\/h2>\n\n\n<div class=\"h5p-content\" data-content-id=\"11\"><\/div>\n\n\n\n<hr class=\"wp-block-separator is-style-wide\" \/>\n\n\n\n<h2 class=\"wp-block-heading\">Referenzvorhersagen<\/h2>\n\n\n<div class=\"h5p-iframe-wrapper\"><iframe id=\"h5p-iframe-12\" class=\"h5p-iframe\" data-content-id=\"12\" style=\"height:1px\" src=\"about:blank\" frameBorder=\"0\" scrolling=\"no\" title=\"Vorhersageverifikations -- Refererenzvorhersagen\"><\/iframe><\/div>\n\n\n\n<hr class=\"wp-block-separator is-style-wide\" \/>\n\n\n\n<h2 class=\"wp-block-heading\">Skill Score &#8212; Interpretation<\/h2>\n\n\n<div class=\"h5p-iframe-wrapper\"><iframe id=\"h5p-iframe-13\" class=\"h5p-iframe\" data-content-id=\"13\" style=\"height:1px\" src=\"about:blank\" frameBorder=\"0\" scrolling=\"no\" title=\"Vorhersageverifikation -- Interpretation des Skills\"><\/iframe><\/div>\n\n\n\n<hr class=\"wp-block-separator is-style-wide\" \/>\n\n\n\n<h2 class=\"wp-block-heading\">Skill Score f\u00fcr A_perf=0<\/h2>\n\n\n<div class=\"h5p-content\" data-content-id=\"14\"><\/div>\n\n\n\n<hr class=\"wp-block-separator is-style-wide\" \/>\n\n\n\n<hr class=\"wp-block-separator is-style-wide\" \/>\n","protected":false},"excerpt":{"rendered":"<p>\u00dcbungen zur \u00dcberpr\u00fcfung des Grundlagenwissenes zum Thema Vorhersageverifikation. Das Herz der Vorhersageverifikation Ziehen Sie die Begriffe unter den richtigen Teil der Gleichungen. Aspekte der Vorhersageverifikation Skill Score &#8212; Definition Referenzvorhersagen Skill Score &#8212; Interpretation Skill Score f\u00fcr A_perf=0<\/p>\n","protected":false},"author":4306,"featured_media":0,"parent":41,"menu_order":0,"comment_status":"closed","ping_status":"closed","template":"page_ohne-sb.php","meta":{"footnotes":""},"class_list":["post-60","page","type-page","status-publish","hentry"],"_links":{"self":[{"href":"https:\/\/blogs.fu-berlin.de\/statmet\/wp-json\/wp\/v2\/pages\/60","targetHints":{"allow":["GET"]}}],"collection":[{"href":"https:\/\/blogs.fu-berlin.de\/statmet\/wp-json\/wp\/v2\/pages"}],"about":[{"href":"https:\/\/blogs.fu-berlin.de\/statmet\/wp-json\/wp\/v2\/types\/page"}],"author":[{"embeddable":true,"href":"https:\/\/blogs.fu-berlin.de\/statmet\/wp-json\/wp\/v2\/users\/4306"}],"replies":[{"embeddable":true,"href":"https:\/\/blogs.fu-berlin.de\/statmet\/wp-json\/wp\/v2\/comments?post=60"}],"version-history":[{"count":18,"href":"https:\/\/blogs.fu-berlin.de\/statmet\/wp-json\/wp\/v2\/pages\/60\/revisions"}],"predecessor-version":[{"id":138,"href":"https:\/\/blogs.fu-berlin.de\/statmet\/wp-json\/wp\/v2\/pages\/60\/revisions\/138"}],"up":[{"embeddable":true,"href":"https:\/\/blogs.fu-berlin.de\/statmet\/wp-json\/wp\/v2\/pages\/41"}],"wp:attachment":[{"href":"https:\/\/blogs.fu-berlin.de\/statmet\/wp-json\/wp\/v2\/media?parent=60"}],"curies":[{"name":"wp","href":"https:\/\/api.w.org\/{rel}","templated":true}]}}