{"id":139,"date":"2013-09-09T13:08:24","date_gmt":"2013-09-09T11:08:24","guid":{"rendered":"https:\/\/blogs.fu-berlin.de\/symjapan\/?page_id=139"},"modified":"2014-04-15T06:36:27","modified_gmt":"2014-04-15T04:36:27","slug":"symposium2013","status":"publish","type":"page","link":"https:\/\/blogs.fu-berlin.de\/symjapan\/archiv\/symposium2013\/","title":{"rendered":"2013"},"content":{"rendered":"<p style=\"text-align: center\"><a name=\"oben\"><\/a><strong>CfP, Abstracts und Programm<\/strong><\/p>\n<p style=\"text-align: right\"><a href=\"#programm\">direkt zum Programm<\/a><\/p>\n<p style=\"text-align: right\"><a href=\"#bilder\">direkt zu den Bildern<\/a><\/p>\n<p><em><strong>Ist das alt, oder kann das weg?<\/strong><br \/>\nVergreisung, Werteverfall und perspektivlose Jugend \u2013 ist Japan am Ende?<\/em><\/p>\n<p>3. Studentisches Symposium Japanologie der FU Berlin am 27.04.2013<br \/>\nim Ostasiatischen Seminar der Freien Universit\u00e4t Berlin<\/p>\n<p>Die Kategorie \u201eAlter\u201c bietet ein breites Spektrum an m\u00f6glichen<br \/>\nUntersuchungsans\u00e4tzen f\u00fcr die Gesellschaft Japans und dar\u00fcber<br \/>\nhinausreichende Strukturen. Dies gilt ebenso f\u00fcr den Bereich der<br \/>\nkultur- und literaturwissenschaftlichen Studien wie f\u00fcr die Sozial-<br \/>\nund Politikwissenschaften. Wir k\u00f6nnen fragen: Welche Relevanz haben<br \/>\nAlt und Neu, wie wird Alter gestaltet, und wie wird dieses Altern<br \/>\nempfunden?<\/p>\n<p>Hinterfragt werden soll hier unter anderem die g\u00e4ngige Konnotation von<br \/>\nAlt \u2013 Tradition sowie Jung \u2013 Innovation. Derartige Konstruktionen<br \/>\nfinden sich nicht zuletzt in der Sprache selbst, sobald wir etwa von<br \/>\neiner \u201eJugendsprache\u201c sprechen. Desweiteren besch\u00e4ftigt uns das Thema<br \/>\nim Zusammenhang mit der gesellschaftlichen Alterung jener politischen<br \/>\nInstitutionen. Die Sichtbarkeit der Generationen ver\u00e4ndert sich, was<br \/>\nneue Anforderungen an bestehende Infrastrukturen stellt. Tradiertes,<br \/>\n\u201eAltes\u201c wandelt sich vor diesem Hintergrund. Dar\u00fcber hinaus zeigt sich<br \/>\nbei dieser Entwicklung, welche Bedeutung die den Altersgruppen<br \/>\nzuerkannten Rollen haben und wie diese beeinflusst werden. Gab es<br \/>\nBr\u00fcche? Gab es Konstanten? Oder gab es eventuell Konstanten durch Br\u00fcche?<\/p>\n<p>Als Gegenstand der Untersuchung bieten sich gesellschaftliche<br \/>\nEntwicklungen sowie politische Agenden an, deren Inhalt und Wandel ein<br \/>\nbestimmtes Bild von \u201eAlter\u201c kommunizieren. Gleiches gilt f\u00fcr<br \/>\nliterarische Werke wie Kawabata Yasunaris \u201eDie schlafenden Sch\u00f6nen\u201c<br \/>\n(\u201eNemureru bijo\u201c) oder die \u201eAufzeichnungen der alten Begebenheiten\u201c<br \/>\n(\u201eKojiki\u201c), deren Verk\u00fcndigung sich im Jahr 2012 zum 1300sten Mal<br \/>\nj\u00e4hrte und uns bereits \u201eAlter\u201c als ein Konstrukt bewusst macht.<\/p>\n<p>In diesem Sinne ruft die Studentenschaft der Japanologie der Freien<br \/>\nUniversit\u00e4t Berlin Studierende jeder Disziplin und aller Semester zum<br \/>\n3. Studentischen Symposium auf. Wir m\u00f6chten das Thema vor einem<br \/>\nmultidisziplin\u00e4ren Hintergrund beleuchten, um es auf vielf\u00e4ltige und<br \/>\nergiebige Weise zu erfassen und verschiedene Perspektiven aufzuzeigen.<\/p>\n<p>Wir w\u00fcrden uns freuen, auch mit KommilitonInnen anderer Universit\u00e4ten<br \/>\nin Austausch treten zu k\u00f6nnen. Das Symposium soll eine M\u00f6glichkeit<br \/>\nbieten, au\u00dferhalb der \u00fcblichen Regularien sich selbst und das eigene<br \/>\nThema in einem japanologischen Kontext erproben zu k\u00f6nnen.<br \/>\nInteressierte Studierende werden gebeten, bis zum<\/p>\n<p align=\"center\"><strong>28.02.2013<\/strong><\/p>\n<p>ein Abstract (max. 500 W\u00f6rter) sowie eine Kurzbiographie (letzte\/geplante<br \/>\nAbschlussarbeit, Themenschwerpunkte) an<\/p>\n<p align=\"center\">symjapan@zedat.fu-berlin.de<\/p>\n<p>zu schicken. Die Vortragszeit sollte nicht mehr als 20 Minuten betragen.<br \/>\nF\u00fcr jeden Vortrag sind zun\u00e4chst 10 Minuten Diskussionszeit vorgesehen.<br \/>\nF\u00fcr R\u00fcckfragen stehen wir jederzeit zur Verf\u00fcgung.<\/p>\n<p><a href=\"#oben\">nach oben<\/a><\/p>\n<p><a id=\"programm\" name=\"programm\"><\/a><br \/>\n<strong>Programm<\/strong><\/p>\n<p>27.04.2013, ostasiatisches Seminar der FU-Berlin<\/p>\n<p><strong>10:30: Er\u00f6ffnung und Gru\u00dfwort von Prof. Hijiya-Kirschnereit und den Veranstaltern<\/strong><\/p>\n<hr noshade=\"noshade\" size=\"1\" \/>\n<p><strong>10:45-12:15: Alter und Altes in der Gesellschaft<\/strong><\/p>\n<p>10:45: <strong>Jens Oliver John (Berlin)<\/strong>: Die Modernisierung japanischer Schulcurricula<\/p>\n<p>11:15: <strong>Vincent Lesch (Hamburg)<\/strong>: Altes bew\u00e4hrt sich \u2212 Reintegration von Senioren in den japanischen Arbeitsmarkt<\/p>\n<p>11:45: <strong>Julia Gerster (Berlin)<\/strong>: Die Lebensqualit\u00e4t von Senioren im T\u014dhoku nach der Dreifachkatastrophe<\/p>\n<hr noshade=\"noshade\" size=\"1\" \/>\n<p><em>12:15 &#8211; 12:30: Pause<\/em><\/p>\n<hr noshade=\"noshade\" size=\"1\" \/>\n<p><strong>12:30-14:00: Alter und Altes in k\u00fcnstlerischen Ausdrucksformen<\/strong><\/p>\n<p>12:30: <strong>Yui Deschler (Berlin)<\/strong>: Alte Sprache \u2013 Junge Leser: Die sprachliche Analyse einer Erz\u00e4hlung von \u014cgai zur Interessegewinnung von Jugendlichen<\/p>\n<p>13:00: <strong>Daniela Simon (Berlin)<\/strong>: The Age of Heroes &#8211; Junge Recken und greise Magier? Eine Untersuchung zur Darstellung von Alter(n) in Videospielen<\/p>\n<p>13:30: <strong>Victor Nizhelskoy (T\u014dky\u014d)<\/strong>: \u65e5\u672c\u306e\u73fe\u5728\u306b\u304a\u3051\u308b\u4f1d\u7d71\u3068\u73fe\u4ee3\u5316\u306e\u5bfe\u7acb\u306b\u3064\u3044\u3066 [\u00dcber den Gegensatz von Tradition und Modernisierung im gegenw\u00e4rtigen Japan] (Vortrag mit deutscher \u00dcbersetzung) <em>(dieser Vortrag mu\u00dfte leider entfallen)<\/em><\/p>\n<hr noshade=\"noshade\" size=\"1\" \/>\n<p><em>14:00-15:00: Mittagspause<\/em><\/p>\n<hr noshade=\"noshade\" size=\"1\" \/>\n<p><strong>15:00 &#8211; 16:30: \u00dcber Tradition<\/strong><\/p>\n<p>15:00: <strong>Maya Minder (Z\u00fcrich)<\/strong>: Die Neu-Erfindung des Karakuri-Ningy\u014d. \u201eTree Ceremony\u201c von Kirsty Boyle, eine k\u00fcnstlerische Amalgation zwischen japanischer Automata Tradition und Robotic Research<\/p>\n<p>15:30: <strong>Christoph Reichenb\u00e4cher (Berlin)<\/strong>: &#8218;Altes&#8216; Sumo? &#8211; Wie gesellschaftliche Bedingungen &#8218;Tradition&#8216; pr\u00e4gen<\/p>\n<p>16:00: <strong>Markus R\u00fcsch (Berlin)<\/strong>: \u00dcberlieferungen, oder: Vernommenes &#8211; zur Episteme von Altem am Beispiel der J\u014ddo-Shinsh\u016b<\/p>\n<hr noshade=\"noshade\" size=\"1\" \/>\n<p><strong>16:45: Beginn der Abschlu\u00dfdiskussion<\/strong><\/p>\n<p><a href=\"#oben\">nach oben<\/a><\/p>\n<p><a id=\"bilder\" name=\"bilder\"><\/a><br \/>\n<strong>Bilder<\/strong><\/p>\n<p><em>Erstes Panel<\/em> Alter und Altes in der Gesellschaft (Moderation: Stefanie Reetz)<\/p>\n<p><img decoding=\"async\" alt=\"Jens Oliver John\" src=\"https:\/\/blogs.fu-berlin.de\/symjapan\/files\/2013\/09\/005.jpg\" width=\"100%\" \/><br \/>\nJens Oliver John<\/p>\n<p><img decoding=\"async\" alt=\"Julia Gerster\" src=\"https:\/\/blogs.fu-berlin.de\/symjapan\/files\/2013\/09\/010.jpg\" width=\"100%\" \/><br \/>\nJulia Gerster<\/p>\n<p><em>Drittes Panel<\/em> \u00dcber Tradition (Moderation: Raimund Thal)<\/p>\n<p><img decoding=\"async\" alt=\"Markus R\u00fcsch\" src=\"https:\/\/blogs.fu-berlin.de\/symjapan\/files\/2013\/09\/024.jpg\" width=\"100%\" \/><br \/>\nMarkus R\u00fcsch<\/p>\n<p>Alle Bilder sind \u00a9Stefanie Reetz<\/p>\n<p><a href=\"#oben\">nach oben<\/a><\/p>\n","protected":false},"excerpt":{"rendered":"<p>CfP, Abstracts und Programm direkt zum Programm direkt zu den Bildern Ist das alt, oder kann das weg? Vergreisung, Werteverfall und perspektivlose Jugend \u2013 ist Japan am Ende? 3. Studentisches Symposium Japanologie der FU Berlin am 27.04.2013 im Ostasiatischen Seminar der Freien Universit\u00e4t Berlin Die Kategorie \u201eAlter\u201c bietet ein breites Spektrum an m\u00f6glichen Untersuchungsans\u00e4tzen f\u00fcr [&hellip;]<\/p>\n","protected":false},"author":760,"featured_media":0,"parent":235,"menu_order":6,"comment_status":"closed","ping_status":"closed","template":"","meta":{"footnotes":""},"class_list":["post-139","page","type-page","status-publish","hentry"],"_links":{"self":[{"href":"https:\/\/blogs.fu-berlin.de\/symjapan\/wp-json\/wp\/v2\/pages\/139","targetHints":{"allow":["GET"]}}],"collection":[{"href":"https:\/\/blogs.fu-berlin.de\/symjapan\/wp-json\/wp\/v2\/pages"}],"about":[{"href":"https:\/\/blogs.fu-berlin.de\/symjapan\/wp-json\/wp\/v2\/types\/page"}],"author":[{"embeddable":true,"href":"https:\/\/blogs.fu-berlin.de\/symjapan\/wp-json\/wp\/v2\/users\/760"}],"replies":[{"embeddable":true,"href":"https:\/\/blogs.fu-berlin.de\/symjapan\/wp-json\/wp\/v2\/comments?post=139"}],"version-history":[{"count":15,"href":"https:\/\/blogs.fu-berlin.de\/symjapan\/wp-json\/wp\/v2\/pages\/139\/revisions"}],"predecessor-version":[{"id":237,"href":"https:\/\/blogs.fu-berlin.de\/symjapan\/wp-json\/wp\/v2\/pages\/139\/revisions\/237"}],"up":[{"embeddable":true,"href":"https:\/\/blogs.fu-berlin.de\/symjapan\/wp-json\/wp\/v2\/pages\/235"}],"wp:attachment":[{"href":"https:\/\/blogs.fu-berlin.de\/symjapan\/wp-json\/wp\/v2\/media?parent=139"}],"curies":[{"name":"wp","href":"https:\/\/api.w.org\/{rel}","templated":true}]}}