{"id":71,"date":"2012-12-02T08:18:14","date_gmt":"2012-12-02T06:18:14","guid":{"rendered":"https:\/\/blogs.fu-berlin.de\/symjapan\/?page_id=71"},"modified":"2015-04-16T15:25:39","modified_gmt":"2015-04-16T13:25:39","slug":"programm","status":"publish","type":"page","link":"https:\/\/blogs.fu-berlin.de\/symjapan\/programm\/","title":{"rendered":"Programm"},"content":{"rendered":"<pre>\r\n===================================================================\r\n10:30           Er\u00f6ffnung und Gru\u00dfwort\r\n\r\n                Die Veranstalter\r\n===================================================================\r\n10:45 - 11:15   Visionen in der Gegenwart\r\n===================================================================\r\n                Schulabsentismus und das japanische Bildungswesen -\r\n                Visionen und Realit\u00e4t\r\n\r\n                Vincent Lesch, Universit\u00e4t Hamburg\r\n===================================================================\r\n11:30 - 13:00   Visionen im Kontext des II. Weltkriegs\r\n===================================================================\r\n                Asia Nipponica - T\u014dj\u014d Hidekis Vision eines\r\n                gro\u00dfjapanischen Weltreiches\r\n\r\n                Melissa Ann Kaul, Universit\u00e4t Z\u00fcrich\r\n-------------------------------------------------------------------\r\n                Die Vision eines koreanischfreien Korea -\r\n                soziolinguistische Reflexion der japanischen\r\n                Assimilationspolitik 1910-1945\r\n\r\n                Andreas Ratchev, Universit\u00e4t Z\u00fcrich\r\n===================================================================\r\n13:45 - 14:45   Katastophen und Visionen der Erneuerung\r\n===================================================================\r\n                Die Vision von einer Welt ohne Atom\r\n\r\n                Rebecca Leonie B\u00fcrgi, Universit\u00e4t Z\u00fcrich\r\n-------------------------------------------------------------------\r\n                H\u00e4user sind nicht genug! Visionen des Wiederaufbaus\r\n                der Stadt Yuriage\r\n\r\n                Julia Gerster, Freie Universit\u00e4t Berlin\r\n===================================================================\r\n14:45           Abschlussdiskussion\r\n===================================================================\r\n<\/pre>\n","protected":false},"excerpt":{"rendered":"<p>=================================================================== 10:30 Er\u00f6ffnung und Gru\u00dfwort Die Veranstalter =================================================================== 10:45 &#8211; 11:15 Visionen in der Gegenwart =================================================================== Schulabsentismus und das japanische Bildungswesen &#8211; Visionen und Realit\u00e4t Vincent Lesch, Universit\u00e4t Hamburg =================================================================== 11:30 &#8211; 13:00 Visionen im Kontext des II. Weltkriegs =================================================================== Asia Nipponica &#8211; T\u014dj\u014d Hidekis Vision eines gro\u00dfjapanischen Weltreiches Melissa Ann Kaul, Universit\u00e4t Z\u00fcrich &#8212;&#8212;&#8212;&#8212;&#8212;&#8212;&#8212;&#8212;&#8212;&#8212;&#8212;&#8212;&#8212;&#8212;&#8212;&#8212;&#8212;&#8212;&#8212;&#8212;&#8212;&#8212;- [&hellip;]<\/p>\n","protected":false},"author":760,"featured_media":0,"parent":0,"menu_order":3,"comment_status":"closed","ping_status":"open","template":"","meta":{"footnotes":""},"class_list":["post-71","page","type-page","status-publish","hentry"],"_links":{"self":[{"href":"https:\/\/blogs.fu-berlin.de\/symjapan\/wp-json\/wp\/v2\/pages\/71","targetHints":{"allow":["GET"]}}],"collection":[{"href":"https:\/\/blogs.fu-berlin.de\/symjapan\/wp-json\/wp\/v2\/pages"}],"about":[{"href":"https:\/\/blogs.fu-berlin.de\/symjapan\/wp-json\/wp\/v2\/types\/page"}],"author":[{"embeddable":true,"href":"https:\/\/blogs.fu-berlin.de\/symjapan\/wp-json\/wp\/v2\/users\/760"}],"replies":[{"embeddable":true,"href":"https:\/\/blogs.fu-berlin.de\/symjapan\/wp-json\/wp\/v2\/comments?post=71"}],"version-history":[{"count":14,"href":"https:\/\/blogs.fu-berlin.de\/symjapan\/wp-json\/wp\/v2\/pages\/71\/revisions"}],"predecessor-version":[{"id":302,"href":"https:\/\/blogs.fu-berlin.de\/symjapan\/wp-json\/wp\/v2\/pages\/71\/revisions\/302"}],"wp:attachment":[{"href":"https:\/\/blogs.fu-berlin.de\/symjapan\/wp-json\/wp\/v2\/media?parent=71"}],"curies":[{"name":"wp","href":"https:\/\/api.w.org\/{rel}","templated":true}]}}