{"id":179,"date":"2021-06-22T12:02:00","date_gmt":"2021-06-22T10:02:00","guid":{"rendered":"https:\/\/blogs.fu-berlin.de\/tilograetz\/?page_id=179"},"modified":"2026-02-01T21:31:02","modified_gmt":"2026-02-01T20:31:02","slug":"erste-ergebnisse","status":"publish","type":"page","link":"https:\/\/blogs.fu-berlin.de\/tilograetz\/erste-ergebnisse\/","title":{"rendered":"Erste Ergebnisse"},"content":{"rendered":"<div id=\"model-response-message-contentr_e451c758047b9038\" class=\"markdown markdown-main-panel enable-updated-hr-color\" dir=\"ltr\" aria-live=\"polite\">\n<h3 data-path-to-node=\"4\"><strong>Radio-Anrufersendungen<\/strong> in der Republik Benin gewinnen durch die Verbindung verschiedener Medientechnologien und \u00d6ffentlichkeiten an Wirksamkeit. Es entstehen:<\/h3>\n<ul data-path-to-node=\"5\">\n<li>\n<h3 data-path-to-node=\"5,0,0\"><b data-path-to-node=\"5,0,0\" data-index-in-node=\"0\">verkn\u00fcpfte \u00d6ffentlichkeiten,<\/b><\/h3>\n<\/li>\n<li>\n<h3 data-path-to-node=\"5,1,0\"><b data-path-to-node=\"5,1,0\" data-index-in-node=\"0\">kombinierte Medienstrategien<\/b> von Journalisten und Anrufern; letztere werden dabei gleicherma\u00dfen zu Medienproduzenten.<\/h3>\n<\/li>\n<\/ul>\n<h3 data-path-to-node=\"6\">Interaktive Sendungen und ihre Akteure (Anrufer in Koproduktion mit Radiojournalisten) ver\u00e4ndern nachhaltig \u00f6ffentliche R\u00e4ume, indem eine neue, spezifische Transparenz jenseits der gewohnten Massenmedien, aber auch neuer digitaler Medien entsteht. Es bilden sich neue Kreisl\u00e4ufe der Information und Diskursivit\u00e4t, die wiederum die \u00f6ffentliche Meinung sowie in Teilbereichen auch das Regierungshandeln beeinflussen.<\/h3>\n<h3 data-path-to-node=\"7\">Bei den h\u00e4ufigen Anrufern (den \u201e<em>grogneurs\u201c<\/em>) handelt es sich um mediale Intermedi\u00e4re, die zwischen \u00d6ffentlichkeiten und medialen Akteuren vermitteln. Ihre Medienstrategien schlie\u00dfen inhaltliche (Informationsgewinnung und -aufbereitung), performative (Anruftechniken) sowie technologische (Aneignungsmodi) Ebenen mit ein.<\/h3>\n<h3 data-path-to-node=\"8\">Die <i data-path-to-node=\"8\" data-index-in-node=\"4\">grogneurs<\/i> in Benin unterhalten \u2013 im Gegensatz zu anderen Fallbeispielen in Afrika \u2013 \u00e4u\u00dferst ambivalente Beziehungen zu Journalisten, Lokalpolitikern, den (in urbanen, m\u00fcndlichen Informationskreisl\u00e4ufen sehr wichtigen) Motorrad-Taxifahrern und dem breiteren Publikum. Sie beteiligen sich mitunter auch an Informationskampagnen und nehmen Auftragsdienste wahr. Die <i data-path-to-node=\"8\" data-index-in-node=\"367\">grogneurs<\/i> entstammen der Mitte der Gesellschaft, nicht Institutionen der politischen oder zivilen Gesellschaft. Sie nehmen meist kritische Positionen ein, vermeiden es aber, Falschinformationen zu verbreiten, um ihren Ruf nicht zu gef\u00e4hrden.<\/h3>\n<h3 data-path-to-node=\"9\">Die <i data-path-to-node=\"9\" data-index-in-node=\"4\">grogneurs<\/i> k\u00f6nnen daher nicht als Medienaktivisten, sondern vor allem als <b data-path-to-node=\"9\" data-index-in-node=\"77\">Information Broker<\/b> bezeichnet werden. Sie sind, so meine Hypothese, Intermedi\u00e4re, denn sie vermitteln zwischen verschiedenen \u00d6ffentlichkeiten \u2013 d. h. zwischen Foren m\u00fcndlicher und technologisch-massenmedialer Kommunikation, die auch in Afrika immer durchl\u00e4ssiger werden \u2013 sowie zwischen informellen Informationskreisl\u00e4ufen, einer medialen \u00d6ffentlichkeit und den Anforderungen verschiedener Kommunikationstechnologien. Sie sind mehr als mediale Nischenakteure: Als <i data-path-to-node=\"9\" data-index-in-node=\"541\">Information Broker<\/i> gewinnen sie Prestige und Selbstbest\u00e4tigung (und zum Teil auch finanzielle Vorteile) aus der Vermittlung von Informationen.<\/h3>\n<hr data-path-to-node=\"10\" \/>\n<h3><\/h3>\n<h3 data-path-to-node=\"13\"><\/h3>\n<\/div>\n","protected":false},"excerpt":{"rendered":"<p>Radio-Anrufersendungen in der Republik Benin gewinnen durch die Verbindung verschiedener Medientechnologien und \u00d6ffentlichkeiten an Wirksamkeit. Es entstehen: verkn\u00fcpfte \u00d6ffentlichkeiten, kombinierte Medienstrategien von Journalisten und Anrufern; letztere werden dabei gleicherma\u00dfen zu Medienproduzenten. Interaktive Sendungen und ihre Akteure (Anrufer in Koproduktion mit Radiojournalisten) ver\u00e4ndern nachhaltig \u00f6ffentliche R\u00e4ume, indem eine neue, spezifische Transparenz jenseits der gewohnten Massenmedien, aber [&hellip;]<\/p>\n","protected":false},"author":1938,"featured_media":0,"parent":0,"menu_order":0,"comment_status":"closed","ping_status":"closed","template":"","meta":{"footnotes":""},"class_list":["post-179","page","type-page","status-publish","hentry"],"_links":{"self":[{"href":"https:\/\/blogs.fu-berlin.de\/tilograetz\/wp-json\/wp\/v2\/pages\/179","targetHints":{"allow":["GET"]}}],"collection":[{"href":"https:\/\/blogs.fu-berlin.de\/tilograetz\/wp-json\/wp\/v2\/pages"}],"about":[{"href":"https:\/\/blogs.fu-berlin.de\/tilograetz\/wp-json\/wp\/v2\/types\/page"}],"author":[{"embeddable":true,"href":"https:\/\/blogs.fu-berlin.de\/tilograetz\/wp-json\/wp\/v2\/users\/1938"}],"replies":[{"embeddable":true,"href":"https:\/\/blogs.fu-berlin.de\/tilograetz\/wp-json\/wp\/v2\/comments?post=179"}],"version-history":[{"count":9,"href":"https:\/\/blogs.fu-berlin.de\/tilograetz\/wp-json\/wp\/v2\/pages\/179\/revisions"}],"predecessor-version":[{"id":517,"href":"https:\/\/blogs.fu-berlin.de\/tilograetz\/wp-json\/wp\/v2\/pages\/179\/revisions\/517"}],"wp:attachment":[{"href":"https:\/\/blogs.fu-berlin.de\/tilograetz\/wp-json\/wp\/v2\/media?parent=179"}],"curies":[{"name":"wp","href":"https:\/\/api.w.org\/{rel}","templated":true}]}}