{"id":219,"date":"2021-10-08T11:42:56","date_gmt":"2021-10-08T09:42:56","guid":{"rendered":"https:\/\/blogs.fu-berlin.de\/tilograetz\/?page_id=219"},"modified":"2024-02-14T19:14:57","modified_gmt":"2024-02-14T18:14:57","slug":"current-project-french-version","status":"publish","type":"page","link":"https:\/\/blogs.fu-berlin.de\/tilograetz\/current-project-french-version\/","title":{"rendered":"Current Project French Version"},"content":{"rendered":"\r\n<h2><strong>M\u00e9dias participatifs et hybrides en Afrique de l\u2019Ouest : \u00c9tude de cas des \u00e9missions interactives int\u00e9grants les appels des auditeurs au B\u00e9nin<\/strong><\/h2>\r\n\r\n\r\n\r\n<h3>Le projet de recherche examine les changements actuels dans les pratiques de communication et la culture politique en Afrique de l&#8217;Ouest, illustr\u00e9s par des \u00e9tudes de cas d&#8217;\u00e9missions radiophoniques interactives et participatives sur les probl\u00e8mes sociaux en R\u00e9publique du B\u00e9nin. L&#8217;accent est mis sur les appelants fr\u00e9quents \u00e0 ces programmes, les soi-disant <em>grogneurs. <\/em>Leur positionnement dans les nouveaux cycles d&#8217;information, leurs pratiques communicatives et leurs relations avec les journalistes, les politiciens et les autres usagers des m\u00e9dias sont au centre du projet.<\/h3>\r\n\r\n\r\n\r\n<pre class=\"wp-block-preformatted\">\u00a0<\/pre>\r\n","protected":false},"excerpt":{"rendered":"<p>M\u00e9dias participatifs et hybrides en Afrique de l\u2019Ouest : \u00c9tude de cas des \u00e9missions interactives int\u00e9grants les appels des auditeurs au B\u00e9nin Le projet de recherche examine les changements actuels dans les pratiques de communication et la culture politique en Afrique de l&#8217;Ouest, illustr\u00e9s par des \u00e9tudes de cas d&#8217;\u00e9missions radiophoniques interactives et participatives sur [&hellip;]<\/p>\n","protected":false},"author":1938,"featured_media":0,"parent":0,"menu_order":0,"comment_status":"closed","ping_status":"closed","template":"","meta":{"footnotes":""},"class_list":["post-219","page","type-page","status-publish","hentry"],"_links":{"self":[{"href":"https:\/\/blogs.fu-berlin.de\/tilograetz\/wp-json\/wp\/v2\/pages\/219","targetHints":{"allow":["GET"]}}],"collection":[{"href":"https:\/\/blogs.fu-berlin.de\/tilograetz\/wp-json\/wp\/v2\/pages"}],"about":[{"href":"https:\/\/blogs.fu-berlin.de\/tilograetz\/wp-json\/wp\/v2\/types\/page"}],"author":[{"embeddable":true,"href":"https:\/\/blogs.fu-berlin.de\/tilograetz\/wp-json\/wp\/v2\/users\/1938"}],"replies":[{"embeddable":true,"href":"https:\/\/blogs.fu-berlin.de\/tilograetz\/wp-json\/wp\/v2\/comments?post=219"}],"version-history":[{"count":3,"href":"https:\/\/blogs.fu-berlin.de\/tilograetz\/wp-json\/wp\/v2\/pages\/219\/revisions"}],"predecessor-version":[{"id":393,"href":"https:\/\/blogs.fu-berlin.de\/tilograetz\/wp-json\/wp\/v2\/pages\/219\/revisions\/393"}],"wp:attachment":[{"href":"https:\/\/blogs.fu-berlin.de\/tilograetz\/wp-json\/wp\/v2\/media?parent=219"}],"curies":[{"name":"wp","href":"https:\/\/api.w.org\/{rel}","templated":true}]}}