{"id":279,"date":"2023-12-19T16:27:15","date_gmt":"2023-12-19T15:27:15","guid":{"rendered":"https:\/\/blogs.fu-berlin.de\/tilograetz\/?page_id=279"},"modified":"2023-12-19T16:43:31","modified_gmt":"2023-12-19T15:43:31","slug":"crystal-news","status":"publish","type":"page","link":"https:\/\/blogs.fu-berlin.de\/tilograetz\/crystal-news\/","title":{"rendered":"Crystal News"},"content":{"rendered":"\n<p class=\"has-medium-font-size\"><a href=\"https:\/\/www.crystal-news.net\/\" data-type=\"URL\" data-id=\"https:\/\/www.crystal-news.net\/\"><em>Crystal News<\/em> <\/a>ist eine junge und kleine, aber unabh\u00e4ngige Agentur, die haupts\u00e4chlich Nachrichten produziert, die online gestreamt werden, per Podcast und teilweise schriftlich auf ihrer Internetseite zur Verf\u00fcgung stehen. Links zu diesen Inhalten werden auch \u00fcber WhatsApp gepostet. Crystal News kann in der beninischen Medienlandschaft haupts\u00e4chlich als Gegenstimme angesehen werden. Seine Position leitet sich aus dem Hintergrund seiner Gr\u00fcndung Anfang 2020 ab, als einige der fr\u00fcher bei der privaten Station Soleil FM (die aus formellen, aber versteckten politischen Gr\u00fcnden geschlossen wurde) t\u00e4tigen Journalisten, nach neuen Nachrichtenberufen und Feldern des Medienengagements suchten. Unter ihnen war Virgile Ahouans\u00e9, ehemals einer der produktivsten und damit einer der Gr\u00fcnder von Crystal News, der diese Erfahrungsbasis mit eigenen finanziellen Mitteln, einigen Spenden und minimalen Einnahmen durch zeitliche Partnerschaften (Berichterstattung \u00fcber Ereignisse; sensible Kampagne) gr\u00fcndete. Als ich die Agentur 2021 besuchte, sah ich das Team haupts\u00e4chlich in zwei kleinen R\u00e4umen rund um zwei Schreibtische arbeiten, wo sie sowohl Nachrichteninhalte als auch Podcasts produzierten und Interviews redigierten. Die meisten Shows haben riesige G\u00e4ste, die die aktuelle politische Situation analysieren (grand angle), aber es gibt auch typische Presseclubs oder Pressespiegel. Sie planen, all diese Elemente haupts\u00e4chlich als audiovisuelles Element im Studio zu produzieren (\u00e4hnlich wie bei vielen Web-TVs), um sie dann \u00fcber verschiedene Wege und Kan\u00e4le auszustrahlen und zu verbreiten. Zuh\u00f6rer werden als Studiog\u00e4ste in Shows einbezogen, aber typische <em>grogne<\/em>-Shows sind derzeit nicht geplant, haupts\u00e4chlich wegen Personalmangels. (Porto-Novo, Oktober 2021 und November 2022). Einer der Gr\u00fcnder von Crystal News, Virgile Ahouans\u00e9, wurde Ende 2022 unter dem Vorwurf von Falsch-Information zeitweilig festgenommen (Saidou 2022) .<\/p>\n","protected":false},"excerpt":{"rendered":"<p>Crystal News ist eine junge und kleine, aber unabh\u00e4ngige Agentur, die haupts\u00e4chlich Nachrichten produziert, die online gestreamt werden, per Podcast und teilweise schriftlich auf ihrer Internetseite zur Verf\u00fcgung stehen. Links zu diesen Inhalten werden auch \u00fcber WhatsApp gepostet. Crystal News kann in der beninischen Medienlandschaft haupts\u00e4chlich als Gegenstimme angesehen werden. Seine Position leitet sich aus [&hellip;]<\/p>\n","protected":false},"author":1938,"featured_media":0,"parent":0,"menu_order":0,"comment_status":"closed","ping_status":"closed","template":"","meta":{"footnotes":""},"class_list":["post-279","page","type-page","status-publish","hentry"],"_links":{"self":[{"href":"https:\/\/blogs.fu-berlin.de\/tilograetz\/wp-json\/wp\/v2\/pages\/279","targetHints":{"allow":["GET"]}}],"collection":[{"href":"https:\/\/blogs.fu-berlin.de\/tilograetz\/wp-json\/wp\/v2\/pages"}],"about":[{"href":"https:\/\/blogs.fu-berlin.de\/tilograetz\/wp-json\/wp\/v2\/types\/page"}],"author":[{"embeddable":true,"href":"https:\/\/blogs.fu-berlin.de\/tilograetz\/wp-json\/wp\/v2\/users\/1938"}],"replies":[{"embeddable":true,"href":"https:\/\/blogs.fu-berlin.de\/tilograetz\/wp-json\/wp\/v2\/comments?post=279"}],"version-history":[{"count":5,"href":"https:\/\/blogs.fu-berlin.de\/tilograetz\/wp-json\/wp\/v2\/pages\/279\/revisions"}],"predecessor-version":[{"id":286,"href":"https:\/\/blogs.fu-berlin.de\/tilograetz\/wp-json\/wp\/v2\/pages\/279\/revisions\/286"}],"wp:attachment":[{"href":"https:\/\/blogs.fu-berlin.de\/tilograetz\/wp-json\/wp\/v2\/media?parent=279"}],"curies":[{"name":"wp","href":"https:\/\/api.w.org\/{rel}","templated":true}]}}