{"id":435,"date":"2024-02-22T22:24:19","date_gmt":"2024-02-22T21:24:19","guid":{"rendered":"https:\/\/blogs.fu-berlin.de\/tilograetz\/?page_id=435"},"modified":"2024-02-26T18:02:21","modified_gmt":"2024-02-26T17:02:21","slug":"research-3","status":"publish","type":"page","link":"https:\/\/blogs.fu-berlin.de\/tilograetz\/research-3\/","title":{"rendered":"Research.."},"content":{"rendered":"<h3><\/h3>\n<p><a href=\"https:\/\/blogs.fu-berlin.de\/tilograetz\/files\/2024\/02\/istockphoto-880562092-612x612-1.jpg\"><img loading=\"lazy\" decoding=\"async\" class=\" wp-image-460\" src=\"https:\/\/blogs.fu-berlin.de\/tilograetz\/files\/2024\/02\/istockphoto-880562092-612x612-1-300x166.jpg\" alt=\"\" width=\"27\" height=\"15\" srcset=\"https:\/\/blogs.fu-berlin.de\/tilograetz\/files\/2024\/02\/istockphoto-880562092-612x612-1-300x166.jpg 300w, https:\/\/blogs.fu-berlin.de\/tilograetz\/files\/2024\/02\/istockphoto-880562092-612x612-1.jpg 612w\" sizes=\"auto, (max-width: 27px) 100vw, 27px\" \/><\/a><\/p>\n<h3><strong><a href=\"https:\/\/blogs.fu-berlin.de\/tilograetz\/current-projects\/\">Participatory and Hybrid Media in West Africa: A Case Study of Call- In Radio Shows in Benin (West Africa)<\/a><\/strong><\/h3>\n<h3><\/h3>\n<p>&nbsp;<\/p>\n<p><a href=\"https:\/\/blogs.fu-berlin.de\/tilograetz\/files\/2024\/02\/deutschland-flagge_600x600.png\"><img loading=\"lazy\" decoding=\"async\" class=\"alignnone wp-image-459\" src=\"https:\/\/blogs.fu-berlin.de\/tilograetz\/files\/2024\/02\/deutschland-flagge_600x600-300x180.png\" alt=\"\" width=\"27\" height=\"16\" srcset=\"https:\/\/blogs.fu-berlin.de\/tilograetz\/files\/2024\/02\/deutschland-flagge_600x600-300x180.png 300w, https:\/\/blogs.fu-berlin.de\/tilograetz\/files\/2024\/02\/deutschland-flagge_600x600.png 600w\" sizes=\"auto, (max-width: 27px) 100vw, 27px\" \/><\/a><\/p>\n<h3><strong><a href=\"https:\/\/blogs.fu-berlin.de\/tilograetz\/research-2\/projekt-partizipative-und-hybride-medien-in-westafrika-fallbeispiel-von-anrufersendungen-in-benin\/\">Partizipative &amp; Hybride Medien in Westafrika: Fallbeispiel von Anrufersendungen in Benin<\/a><\/strong><\/h3>\n<h3><\/h3>\n<p>&nbsp;<\/p>\n<p><a href=\"https:\/\/blogs.fu-berlin.de\/tilograetz\/files\/2021\/10\/42-17-047_frankreich-png.png\"><img loading=\"lazy\" decoding=\"async\" class=\"alignnone wp-image-245\" src=\"https:\/\/blogs.fu-berlin.de\/tilograetz\/files\/2021\/10\/42-17-047_frankreich-png-300x202.png\" alt=\"\" width=\"31\" height=\"21\" srcset=\"https:\/\/blogs.fu-berlin.de\/tilograetz\/files\/2021\/10\/42-17-047_frankreich-png-300x202.png 300w, https:\/\/blogs.fu-berlin.de\/tilograetz\/files\/2021\/10\/42-17-047_frankreich-png.png 600w\" sizes=\"auto, (max-width: 31px) 100vw, 31px\" \/><\/a><\/p>\n<h3><strong><a href=\"https:\/\/blogs.fu-berlin.de\/tilograetz\/current-project-french-version\/\">M\u00e9dias participatifs et hybrides en Afrique de l\u2019Ouest : <\/a><a href=\"https:\/\/blogs.fu-berlin.de\/tilograetz\/current-project-french-version\/\">\u00a0\u00e9missions interactives int\u00e9grants les appels des auditeurs au B\u00e9nin<\/a><\/strong><\/h3>\n","protected":false},"excerpt":{"rendered":"<p>Participatory and Hybrid Media in West Africa: A Case Study of Call- In Radio Shows in Benin (West Africa) &nbsp; Partizipative &amp; Hybride Medien in Westafrika: Fallbeispiel von Anrufersendungen in Benin &nbsp; M\u00e9dias participatifs et hybrides en Afrique de l\u2019Ouest : \u00a0\u00e9missions interactives int\u00e9grants les appels des auditeurs au B\u00e9nin<\/p>\n","protected":false},"author":1938,"featured_media":0,"parent":0,"menu_order":0,"comment_status":"closed","ping_status":"closed","template":"","meta":{"footnotes":""},"class_list":["post-435","page","type-page","status-publish","hentry"],"_links":{"self":[{"href":"https:\/\/blogs.fu-berlin.de\/tilograetz\/wp-json\/wp\/v2\/pages\/435","targetHints":{"allow":["GET"]}}],"collection":[{"href":"https:\/\/blogs.fu-berlin.de\/tilograetz\/wp-json\/wp\/v2\/pages"}],"about":[{"href":"https:\/\/blogs.fu-berlin.de\/tilograetz\/wp-json\/wp\/v2\/types\/page"}],"author":[{"embeddable":true,"href":"https:\/\/blogs.fu-berlin.de\/tilograetz\/wp-json\/wp\/v2\/users\/1938"}],"replies":[{"embeddable":true,"href":"https:\/\/blogs.fu-berlin.de\/tilograetz\/wp-json\/wp\/v2\/comments?post=435"}],"version-history":[{"count":8,"href":"https:\/\/blogs.fu-berlin.de\/tilograetz\/wp-json\/wp\/v2\/pages\/435\/revisions"}],"predecessor-version":[{"id":462,"href":"https:\/\/blogs.fu-berlin.de\/tilograetz\/wp-json\/wp\/v2\/pages\/435\/revisions\/462"}],"wp:attachment":[{"href":"https:\/\/blogs.fu-berlin.de\/tilograetz\/wp-json\/wp\/v2\/media?parent=435"}],"curies":[{"name":"wp","href":"https:\/\/api.w.org\/{rel}","templated":true}]}}