{"id":2,"date":"2019-05-29T13:17:41","date_gmt":"2019-05-29T11:17:41","guid":{"rendered":""},"modified":"2024-08-26T11:43:04","modified_gmt":"2024-08-26T09:43:04","slug":"impressum","status":"publish","type":"page","link":"https:\/\/blogs.fu-berlin.de\/toolbox\/impressum\/","title":{"rendered":"Impressum"},"content":{"rendered":"<h2>Dienstanbieter:<\/h2>\n<p>Freie Universit\u00e4t Berlin, vertreten durch den <a href=\"http:\/\/www.fu-berlin.de\/einrichtungen\/organe\/praesidium\/praesident\/index.html\" target=\"_self\" rel=\"noopener\">Pr\u00e4sidenten<\/a>.<\/p>\n<h2>Anschrift:<\/h2>\n<p>Freie Universit\u00e4t Berlin<br \/>\nPr\u00e4sidium<br \/>\nKaiserswerther Str. 16\/18<br \/>\n14195 Berlin<\/p>\n<h2><strong>Umsatzsteueridentifikationsnummer:<\/strong><\/h2>\n<p>DE 811304768<\/p>\n<h2>Inhaltliche Verantwortung nach \u00a7 55 RfStV:<\/h2>\n<p style=\"text-align: left\">Dr. Heike Pantelmann<\/p>\n<p style=\"text-align: left\">Gesch\u00e4ftsf\u00fchrerin | Margherita-von-Brentano-Zentrum<br \/>\nHabelschwerdter Allee 45<br \/>\n14195 Berlin<\/p>\n<p>Tel.: 030 \/838-52482<br \/>\nE-Mail: heike.pantelmann@fu-berlin.de<\/p>\n<h2>Rechtsform:<\/h2>\n<p>Die Freie Universit\u00e4t Berlin ist eine K\u00f6rperschaft des \u00f6ffentlichen Rechts gem. \u00a7\u00a7 1 und 2 Berliner Hochschulgesetz (BerlHG). Das Webangebot der Freien Universit\u00e4t Berlin unterliegt dem geltenden <a title=\"Freie Universit\u00e4t Berlin: Urheberrecht\/Copyright\" href=\"http:\/\/www.fu-berlin.de\/redaktion\/copyright\/index.html\">Urheberrecht<\/a>. Beachten Sie bitte auch unseren <a title=\"Haftungsausschluss - Disclaimer, FU Berlin\" href=\"http:\/\/www.fu-berlin.de\/redaktion\/disclaimer\/index.html\">Haftungsausschluss\/Disclaimer.<\/a><\/p>\n<h2>Aufsichtsbeh\u00f6rde<\/h2>\n<p>Aufsichtsbeh\u00f6rde ist die nach \u00a7 89 BerlHG zust\u00e4ndige Berliner Senatsverwaltung f\u00fcr Bildung, Wissenschaft und Forschung.<\/p>\n<p>&nbsp;<\/p>\n<p>Bildquelle Header: Greg Montani (pixabay) CC 0<\/p>\n<table width=\"154\">\n<tbody>\n<tr>\n<td width=\"154\"><\/td>\n<\/tr>\n<\/tbody>\n<\/table>\n","protected":false},"excerpt":{"rendered":"<p>Dienstanbieter: Freie Universit\u00e4t Berlin, vertreten durch den Pr\u00e4sidenten. Anschrift: Freie Universit\u00e4t Berlin Pr\u00e4sidium Kaiserswerther Str. 16\/18 14195 Berlin Umsatzsteueridentifikationsnummer: DE 811304768 Inhaltliche Verantwortung nach \u00a7 55 RfStV: Dr. Heike Pantelmann Gesch\u00e4ftsf\u00fchrerin | Margherita-von-Brentano-Zentrum Habelschwerdter Allee 45 14195 Berlin Tel.: 030 \/838-52482 E-Mail: heike.pantelmann@fu-berlin.de Rechtsform: Die Freie Universit\u00e4t Berlin ist eine K\u00f6rperschaft des \u00f6ffentlichen Rechts gem. &hellip; <a href=\"https:\/\/blogs.fu-berlin.de\/toolbox\/impressum\/\" class=\"more-link\"><span class=\"screen-reader-text\">\u201eImpressum\u201c<\/span> weiterlesen<\/a><\/p>\n","protected":false},"author":3727,"featured_media":0,"parent":0,"menu_order":0,"comment_status":"open","ping_status":"open","template":"","meta":{"footnotes":""},"class_list":["post-2","page","type-page","status-publish","hentry"],"_links":{"self":[{"href":"https:\/\/blogs.fu-berlin.de\/toolbox\/wp-json\/wp\/v2\/pages\/2","targetHints":{"allow":["GET"]}}],"collection":[{"href":"https:\/\/blogs.fu-berlin.de\/toolbox\/wp-json\/wp\/v2\/pages"}],"about":[{"href":"https:\/\/blogs.fu-berlin.de\/toolbox\/wp-json\/wp\/v2\/types\/page"}],"author":[{"embeddable":true,"href":"https:\/\/blogs.fu-berlin.de\/toolbox\/wp-json\/wp\/v2\/users\/3727"}],"replies":[{"embeddable":true,"href":"https:\/\/blogs.fu-berlin.de\/toolbox\/wp-json\/wp\/v2\/comments?post=2"}],"version-history":[{"count":6,"href":"https:\/\/blogs.fu-berlin.de\/toolbox\/wp-json\/wp\/v2\/pages\/2\/revisions"}],"predecessor-version":[{"id":2463,"href":"https:\/\/blogs.fu-berlin.de\/toolbox\/wp-json\/wp\/v2\/pages\/2\/revisions\/2463"}],"wp:attachment":[{"href":"https:\/\/blogs.fu-berlin.de\/toolbox\/wp-json\/wp\/v2\/media?parent=2"}],"curies":[{"name":"wp","href":"https:\/\/api.w.org\/{rel}","templated":true}]}}