{"id":103,"date":"2025-06-16T08:12:15","date_gmt":"2025-06-16T06:12:15","guid":{"rendered":"https:\/\/blogs.fu-berlin.de\/wurzelwerk\/?page_id=103"},"modified":"2025-06-16T19:24:03","modified_gmt":"2025-06-16T17:24:03","slug":"team","status":"publish","type":"page","link":"https:\/\/blogs.fu-berlin.de\/wurzelwerk\/team\/","title":{"rendered":"Team"},"content":{"rendered":"\n<div class=\"wp-block-columns is-layout-flex wp-container-core-columns-is-layout-9d6595d7 wp-block-columns-is-layout-flex\">\n<div class=\"wp-block-column is-layout-flow wp-block-column-is-layout-flow\">\n<p><strong>Prof. Dr. Daniela Niesta-Kayser<\/strong><br>(Projektleitung)<br><em>FB EwiPsy<br>Arbeitsbereich Sonderp\u00e4dagogik<\/em><\/p>\n<\/div>\n\n\n\n<div class=\"wp-block-column is-layout-flow wp-block-column-is-layout-flow\"><\/div>\n<\/div>\n\n\n\n<div class=\"wp-block-columns is-layout-flex wp-container-core-columns-is-layout-9d6595d7 wp-block-columns-is-layout-flex\">\n<div class=\"wp-block-column is-layout-flow wp-block-column-is-layout-flow\">\n<p><strong>Toni Bauer<\/strong><br>(in beratender Funktion)<br><em>FB EwiPsy<\/em><br><em>Arbeitsbereich Sonderp\u00e4dagogik<\/em><\/p>\n<\/div>\n\n\n\n<div class=\"wp-block-column is-layout-flow wp-block-column-is-layout-flow\">\n<p><strong>PD Dr. Manfred Forstreuter<\/strong><br>(in beratender Funktion)<br><em>FB BCP<br>Institut f\u00fcr Biologie<\/em><\/p>\n<\/div>\n<\/div>\n\n\n\n<div class=\"wp-block-columns is-layout-flex wp-container-core-columns-is-layout-9d6595d7 wp-block-columns-is-layout-flex\">\n<div class=\"wp-block-column is-layout-flow wp-block-column-is-layout-flow\">\n<p><strong>Alexander Schn\u00fccker<\/strong><br>(technische Beratung)<br><em>FUB-IT &#8211; Lehre, Studium, Forschung<br>E-Learning und E-Examinations<\/em><\/p>\n<\/div>\n\n\n\n<div class=\"wp-block-column is-layout-flow wp-block-column-is-layout-flow\">\n<p><strong>Anja St\u00f6hsel<\/strong><br>(in beratender Funktion)<br><em>FB BCP<\/em><\/p>\n<\/div>\n<\/div>\n\n\n\n<div class=\"wp-block-columns is-layout-flex wp-container-core-columns-is-layout-9d6595d7 wp-block-columns-is-layout-flex\">\n<div class=\"wp-block-column is-layout-flow wp-block-column-is-layout-flow\">\n<p><strong><strong>Selina Summakoglu<\/strong><br><\/strong>(Praktikantin)<br><\/p>\n<\/div>\n\n\n\n<div class=\"wp-block-column is-layout-flow wp-block-column-is-layout-flow\">\n<p><\/p>\n<\/div>\n<\/div>\n","protected":false},"excerpt":{"rendered":"<p>Prof. Dr. Daniela Niesta-Kayser(Projektleitung)FB EwiPsyArbeitsbereich Sonderp\u00e4dagogik Toni Bauer(in beratender Funktion)FB EwiPsyArbeitsbereich Sonderp\u00e4dagogik PD Dr. Manfred Forstreuter(in beratender Funktion)FB BCPInstitut f\u00fcr Biologie Alexander Schn\u00fccker(technische Beratung)FUB-IT &#8211; Lehre, Studium, ForschungE-Learning und E-Examinations Anja St\u00f6hsel(in beratender Funktion)FB BCP Selina Summakoglu(Praktikantin)<\/p>\n","protected":false},"author":3797,"featured_media":0,"parent":0,"menu_order":0,"comment_status":"closed","ping_status":"closed","template":"","meta":{"footnotes":""},"class_list":["post-103","page","type-page","status-publish","hentry"],"_links":{"self":[{"href":"https:\/\/blogs.fu-berlin.de\/wurzelwerk\/wp-json\/wp\/v2\/pages\/103","targetHints":{"allow":["GET"]}}],"collection":[{"href":"https:\/\/blogs.fu-berlin.de\/wurzelwerk\/wp-json\/wp\/v2\/pages"}],"about":[{"href":"https:\/\/blogs.fu-berlin.de\/wurzelwerk\/wp-json\/wp\/v2\/types\/page"}],"author":[{"embeddable":true,"href":"https:\/\/blogs.fu-berlin.de\/wurzelwerk\/wp-json\/wp\/v2\/users\/3797"}],"replies":[{"embeddable":true,"href":"https:\/\/blogs.fu-berlin.de\/wurzelwerk\/wp-json\/wp\/v2\/comments?post=103"}],"version-history":[{"count":2,"href":"https:\/\/blogs.fu-berlin.de\/wurzelwerk\/wp-json\/wp\/v2\/pages\/103\/revisions"}],"predecessor-version":[{"id":105,"href":"https:\/\/blogs.fu-berlin.de\/wurzelwerk\/wp-json\/wp\/v2\/pages\/103\/revisions\/105"}],"wp:attachment":[{"href":"https:\/\/blogs.fu-berlin.de\/wurzelwerk\/wp-json\/wp\/v2\/media?parent=103"}],"curies":[{"name":"wp","href":"https:\/\/api.w.org\/{rel}","templated":true}]}}