{"id":108,"date":"2015-06-18T13:41:48","date_gmt":"2015-06-18T13:41:48","guid":{"rendered":"https:\/\/blogs.fu-berlin.de\/zufo\/?page_id=108"},"modified":"2018-05-16T09:28:45","modified_gmt":"2018-05-16T09:28:45","slug":"spielwiese-1","status":"publish","type":"page","link":"https:\/\/blogs.fu-berlin.de\/zufo\/programm\/spielwiese-1\/","title":{"rendered":"Spielwiese 1"},"content":{"rendered":"<p><strong>Zukunftsorientiertes Denken &#8211; Kulturelle Unterschiede<\/strong><\/p>\n<p>Thomas Klaffke<\/p>\n<figure id=\"attachment_564\" aria-describedby=\"caption-attachment-564\" style=\"width: 300px\" class=\"wp-caption alignright\"><a href=\"https:\/\/blogs.fu-berlin.de\/zufo\/files\/2015\/09\/DSC_1083.jpg\"><img loading=\"lazy\" decoding=\"async\" class=\"wp-image-564 size-medium\" src=\"https:\/\/blogs.fu-berlin.de\/zufo\/files\/2015\/09\/DSC_1083-300x200.jpg\" alt=\"DSC_1083\" width=\"300\" height=\"200\" srcset=\"https:\/\/blogs.fu-berlin.de\/zufo\/files\/2015\/09\/DSC_1083-300x200.jpg 300w, https:\/\/blogs.fu-berlin.de\/zufo\/files\/2015\/09\/DSC_1083.jpg 800w\" sizes=\"auto, (max-width: 300px) 85vw, 300px\" \/><\/a><figcaption id=\"caption-attachment-564\" class=\"wp-caption-text\">\u00a9 Huddle* 2015<\/figcaption><\/figure>\n<p>Dieser Vortrag versucht der Frage nachzugehen, wie zukunftsorientiertes Denken auf gesellschaftlicher und organisationaler Ebene in verschiedenen Kulturen entsteht. Zum einen soll eine Analyse von Studien zu dem Thema aufzeigen, welche Faktoren mit einem zukunftsorientierten Bewusstsein korrelieren. Zum anderen sollen die hervorgebrachten Erkenntnisse hinsichtlich der Relevanz f\u00fcr die Zukunftsforschung untersucht werden.<\/p>\n<p>Zur <a href=\"https:\/\/blogs.fu-berlin.de\/zufo\/files\/2015\/07\/Huddle_2015_ZukunftsorientiertesDenken_kulturelle_Unteschiede_Klaffke_blog.pdf\" target=\"_blank\">Pr\u00e4sentation<\/a><\/p>\n<p>&nbsp;<\/p>\n<p><strong>Menschenrechte: Von der Notwendigkeit Utopien zu denken<\/strong><\/p>\n<p>Anna Preis und Max Priebe<\/p>\n<figure id=\"attachment_568\" aria-describedby=\"caption-attachment-568\" style=\"width: 300px\" class=\"wp-caption alignright\"><img loading=\"lazy\" decoding=\"async\" class=\"wp-image-568 size-medium\" src=\"https:\/\/blogs.fu-berlin.de\/zufo\/files\/2015\/06\/DSC_1088-300x199.jpg\" alt=\"DSC_1088\" width=\"300\" height=\"199\" srcset=\"https:\/\/blogs.fu-berlin.de\/zufo\/files\/2015\/06\/DSC_1088-300x199.jpg 300w, https:\/\/blogs.fu-berlin.de\/zufo\/files\/2015\/06\/DSC_1088.jpg 1024w\" sizes=\"auto, (max-width: 300px) 85vw, 300px\" \/><figcaption id=\"caption-attachment-568\" class=\"wp-caption-text\">\u00a9 Huddle* 2015<\/figcaption><\/figure>\n<p>Sp\u00e4testens seit dem Ende des 2. Weltkriegs entfaltet der Menschenrechtsdiskurs sein wirkm\u00e4chtiges Potenzial auf der ganzen Welt. Wir gehen in unserem kurzen Vortrag der Frage nach, warum die Menschenrechte trotz aller W\u00fcrdigung sich einer st\u00e4ndigen Kritik aussetzen m\u00fcssen, um der Utopie eine Chance zu geben.<\/p>\n<p>Zum\u00a0<a href=\"https:\/\/blogs.fu-berlin.de\/zufo\/files\/2015\/07\/Huddle_2015_skript_Menschenrechte_Preis_Priebe_blog.pdf\" target=\"_blank\">Vortragsskript<\/a><\/p>\n<p>&nbsp;<\/p>\n<p><strong>Wer bin ich und was mache ich hier? Ethische Perspektiven auf die Zukunftsforschung. Ein Seminarkonzept.<\/strong><\/p>\n<p>Chana Dischereit und Leon Vatter<\/p>\n<figure id=\"attachment_538\" aria-describedby=\"caption-attachment-538\" style=\"width: 225px\" class=\"wp-caption alignright\"><a href=\"https:\/\/blogs.fu-berlin.de\/zufo\/files\/2015\/09\/DSCF6275-001.jpg\"><img loading=\"lazy\" decoding=\"async\" class=\"wp-image-538 size-medium\" src=\"https:\/\/blogs.fu-berlin.de\/zufo\/files\/2015\/09\/DSCF6275-001-225x300.jpg\" alt=\"DSCF6275-001\" width=\"225\" height=\"300\" srcset=\"https:\/\/blogs.fu-berlin.de\/zufo\/files\/2015\/09\/DSCF6275-001-225x300.jpg 225w, https:\/\/blogs.fu-berlin.de\/zufo\/files\/2015\/09\/DSCF6275-001.jpg 600w\" sizes=\"auto, (max-width: 225px) 85vw, 225px\" \/><\/a><figcaption id=\"caption-attachment-538\" class=\"wp-caption-text\">\u00a9 Huddle* 2015<\/figcaption><\/figure>\n<p>Das vorliegende Seminarkonzept \u201eWer bin ich und was mache ich hier? Ethische Perspektiven auf die Zukunftsforschung&#8220; ist der Versuch, den Sprung von der Theorie zur Praxis zu reflektieren. Eine verantwortungsbewusste Forschung kommt gegen\u00fcber der Umwelt und der Menschen nicht ohne eine ethische Anbindung aus. Wie kann ich lernen, mich im entscheidenden Moment zu fragen: wie ist meine Forschung aus ethischer Perspektive zu bewerten? Die Zukunftsforschung sollte zur Verbesserung der wirtschaftlichen und sozialen Freiheitsr\u00e4ume dienen. Es geht darum, zu verstehen, welche Rolle Verantwortung und Ideologie innerhalb der Forschung spielen und was Studierende als Wissenschaftler_innen und auch als Intellektuelle bewirken k\u00f6nnen. In diesen Diskurs sollten die Studierenden fr\u00fchzeitig eingebunden werden. Es ist nicht w\u00fcnschenswert alles zu erforschen, was auch machbar ist und in jeder Forschung muss der m\u00f6gliche Missbrauch beachtet werden. Zukunftsforschung hat den Anspruch dem Wohl der Menschheit zu dienen. Stellt das nicht eine Utopie dar? Das vorgeschlagene Seminar ist ein Versuch, Menschenrechte als Ethik-Grundsatz mit der Zukunftsforschung zu verbinden. Wir wollen einen \u00dcbungsraum bieten, in dem Utopien erprobt werden k\u00f6nnen. Das hier vorgestellte Seminar soll den Beginn darstellen.<\/p>\n<p>Zum\u00a0<a href=\"https:\/\/blogs.fu-berlin.de\/zufo\/files\/2015\/07\/Huddle_Ethische_Perspektiven_Beitrag_Dischereit-Vatter.pdf\" target=\"_blank\">Vortragsskript<\/a><br \/>\nZum exemplarischen\u00a0<a href=\"https:\/\/blogs.fu-berlin.de\/zufo\/files\/2015\/07\/Huddle_Ethische_Perspektiven_Plan_Dischereit-Vatter.pdf\" target=\"_blank\">Seminarplan<\/a><\/p>\n","protected":false},"excerpt":{"rendered":"<p>Zukunftsorientiertes Denken &#8211; Kulturelle Unterschiede Thomas Klaffke Dieser Vortrag versucht der Frage nachzugehen, wie zukunftsorientiertes Denken auf gesellschaftlicher und organisationaler Ebene in verschiedenen Kulturen entsteht. Zum einen soll eine Analyse von Studien zu dem Thema aufzeigen, welche Faktoren mit einem zukunftsorientierten Bewusstsein korrelieren. Zum anderen sollen die hervorgebrachten Erkenntnisse hinsichtlich der Relevanz f\u00fcr die Zukunftsforschung &hellip; <a href=\"https:\/\/blogs.fu-berlin.de\/zufo\/programm\/spielwiese-1\/\" class=\"more-link\"><span class=\"screen-reader-text\">\u201eSpielwiese 1\u201c<\/span> weiterlesen<\/a><\/p>\n","protected":false},"author":951,"featured_media":0,"parent":5,"menu_order":1,"comment_status":"closed","ping_status":"closed","template":"","meta":{"footnotes":""},"class_list":["post-108","page","type-page","status-publish","hentry"],"_links":{"self":[{"href":"https:\/\/blogs.fu-berlin.de\/zufo\/wp-json\/wp\/v2\/pages\/108","targetHints":{"allow":["GET"]}}],"collection":[{"href":"https:\/\/blogs.fu-berlin.de\/zufo\/wp-json\/wp\/v2\/pages"}],"about":[{"href":"https:\/\/blogs.fu-berlin.de\/zufo\/wp-json\/wp\/v2\/types\/page"}],"author":[{"embeddable":true,"href":"https:\/\/blogs.fu-berlin.de\/zufo\/wp-json\/wp\/v2\/users\/951"}],"replies":[{"embeddable":true,"href":"https:\/\/blogs.fu-berlin.de\/zufo\/wp-json\/wp\/v2\/comments?post=108"}],"version-history":[{"count":21,"href":"https:\/\/blogs.fu-berlin.de\/zufo\/wp-json\/wp\/v2\/pages\/108\/revisions"}],"predecessor-version":[{"id":209,"href":"https:\/\/blogs.fu-berlin.de\/zufo\/wp-json\/wp\/v2\/pages\/108\/revisions\/209"}],"up":[{"embeddable":true,"href":"https:\/\/blogs.fu-berlin.de\/zufo\/wp-json\/wp\/v2\/pages\/5"}],"wp:attachment":[{"href":"https:\/\/blogs.fu-berlin.de\/zufo\/wp-json\/wp\/v2\/media?parent=108"}],"curies":[{"name":"wp","href":"https:\/\/api.w.org\/{rel}","templated":true}]}}