{"id":112,"date":"2015-06-18T13:42:32","date_gmt":"2015-06-18T13:42:32","guid":{"rendered":"https:\/\/blogs.fu-berlin.de\/zufo\/?page_id=112"},"modified":"2018-05-16T09:28:58","modified_gmt":"2018-05-16T09:28:58","slug":"spielwiese-3","status":"publish","type":"page","link":"https:\/\/blogs.fu-berlin.de\/zufo\/programm\/spielwiese-3\/","title":{"rendered":"Spielwiese 3"},"content":{"rendered":"<p><strong>Forecasting a Company\u00b4s Innovation Strategy based on Its Merger &amp; Acquisition Activities<\/strong><\/p>\n<p>Elena Aminova<\/p>\n<p>Forecasting a company\u00b4s innovation strategy represents a challenge for both science and business. To clarify our focus we understand the term \u201cinnovation strategy\u201d not in the context of planning, but rather as a selection basis for company\u00b4s innovation activities. In this report, we refer to the concept of path dependency to objectify our focus. We offer to treat merger and acquisition activities as part of an acquirer\u00b4s path and as a means that helps reinforce acquirer\u00b4s innovation agenda and provides insights about its possible future moves. For the purposes of this study we plan to enrich the Future-oriented Technology Analysis by a qualitative media content analysis and cross-impact analysis to investigate acquirer\u00b4s intentions and build innovation pathways.<\/p>\n<p>Zur <a href=\"https:\/\/blogs.fu-berlin.de\/zufo\/files\/2015\/07\/Huddle_15_SW_31_Vortrag-Tagung_Aminova1.pdf\" target=\"_blank\">Pr\u00e4sentation<\/a><\/p>\n<p>&nbsp;<\/p>\n<p><strong>Refining or impoverishing futures? How does down-going economic conditions in western countries affect future thinking and narratives of young adults? <\/strong><\/p>\n<p>Ingmar Mundt<\/p>\n<p>Wie ver\u00e4ndern sich die Zukunftserwartungen junger Menschen unter strapazierten wirtschaftlichen Bedingungen in der Sp\u00e4tmoderne? Hierf\u00fcr habe ich im Rahmen eines\u00a0Forschungsprojekts an der University of Edinburgh\u00a0junge Studenten in Deutschland und Gro\u00dfbritannien interviewt sowie eine Onlinestudie durchgef\u00fchrt. Sie zieht darauf ab, wie sich junge Menschen die Zukunft in Reflexion ihrer eigenen Biografie vorstellen. Zudem fragen wir sie nach ihren Zukunftsbildern (Narrativen). Die bisherigen Ergebnisse sind sehr interessant, wenn auch die Studie noch nicht komplett ausgewertet ist. Ich denke die Relevanz f\u00fcr die Zukunftsforschung ist dabei recht eindeutig, da sie auch Auswirkungen auf andere gesellschaftliche Felder hat (z.B. Politik). Zudem arbeitet sie interdisziplin\u00e4r und verbindet Sozial- und Wirtschaftswissenschaften sowie Psychologie.<\/p>\n<p>&nbsp;<\/p>\n<p><strong>Zukunftsbilder im Nahostkonflikt: Utopien, Dystopien und Atopien in Jerusalem 2060<\/strong><\/p>\n<p>Julia Lampert<\/p>\n<figure id=\"attachment_524\" aria-describedby=\"caption-attachment-524\" style=\"width: 300px\" class=\"wp-caption alignright\"><a href=\"https:\/\/blogs.fu-berlin.de\/zufo\/files\/2015\/09\/DSC_1221.jpg\"><img loading=\"lazy\" decoding=\"async\" class=\"wp-image-524 size-medium\" src=\"https:\/\/blogs.fu-berlin.de\/zufo\/files\/2015\/09\/DSC_1221-300x200.jpg\" alt=\"DSC_1221\" width=\"300\" height=\"200\" srcset=\"https:\/\/blogs.fu-berlin.de\/zufo\/files\/2015\/09\/DSC_1221-300x200.jpg 300w, https:\/\/blogs.fu-berlin.de\/zufo\/files\/2015\/09\/DSC_1221.jpg 800w\" sizes=\"auto, (max-width: 300px) 85vw, 300px\" \/><\/a><figcaption id=\"caption-attachment-524\" class=\"wp-caption-text\">\u00a9 Huddle* 2015<\/figcaption><\/figure>\n<p>Der Vortrag behandelt die theoretischen Potenziale von Zukunftsbildern in der Konfliktresolution und die praktische Arbeit mit Instrumenten der Zukunftsforschung in Jerusalem. Ausgangspunkt ist der hohe Stellenwert von Zukunft f\u00fcr die personale sowie die kollektive Identit\u00e4t, welche in Identit\u00e4tskonflikten wie dem Nahostkonflikt gef\u00e4hrdet und prim\u00e4r auf die Vergangenheit ausgerichtet sind. Dies stellt ein enormes Potenzial f\u00fcr die Zukunftsforschung dar. In der Praxis bietet vor allem die Leitbildanalyse einen vielversprechenden Weg um implizite Zukunftsvorstellungen offen zu legen und einen \u00dcberblick \u00fcber den kaum thematisierten Status Quo der Zukunftsvorstellungen verschiedener Konfliktparteien zu erhalten. Dies ist eine Voraussetzung f\u00fcr den gesamtgesellschaftlichen Diskurs \u00fcber gew\u00fcnschte, m\u00f6gliche oder aber bef\u00fcrchtete Zukunftsperspektiven. Die Ergebnisse der Leitbildanalyse werden daraufhin f\u00fcr Zukunftswerkst\u00e4tten nutzbar gemacht, um einen kollektiven Prozess der aktiven Konstruktion positiver Zukunftsbilder zu unterst\u00fctzen. Die Angliederung an existierende implizite Leitbilder gew\u00e4hrleistet dabei ihre Relevanz und l\u00e4sst gleichzeitig einen fundierten Vergleich der Zukunftsbilder verschiedener Akteure zu.<\/p>\n<p>Zur <a href=\"https:\/\/blogs.fu-berlin.de\/zufo\/files\/2015\/07\/Huddle_15_SW_33_Jerusalem_2060_Lampert_blog.pdf\" target=\"_blank\">Pr\u00e4sentation<\/a><\/p>\n<p>&nbsp;<\/p>\n<p><strong>The future of connected Devices \u2013 Von Dingen die denken und warum wir die Kontrolle verlieren m\u00fcssen.<br \/>\n<\/strong>J\u00f6rg Schatzmann (verhindert)<br \/>\n<em>Selbstfahrende Autos, Internet der Dinge, Smart Homes und Smart Cities \u2013 immer mehr Dinge mit immer mehr Sensoren werden miteinander vernetzt. Wie und wor\u00fcber m\u00fcssen diese Dinge kommunizieren um im System zu funktionieren?<\/em><\/p>\n","protected":false},"excerpt":{"rendered":"<p>Forecasting a Company\u00b4s Innovation Strategy based on Its Merger &amp; Acquisition Activities Elena Aminova Forecasting a company\u00b4s innovation strategy represents a challenge for both science and business. To clarify our focus we understand the term \u201cinnovation strategy\u201d not in the context of planning, but rather as a selection basis for company\u00b4s innovation activities. In this &hellip; <a href=\"https:\/\/blogs.fu-berlin.de\/zufo\/programm\/spielwiese-3\/\" class=\"more-link\"><span class=\"screen-reader-text\">\u201eSpielwiese 3\u201c<\/span> weiterlesen<\/a><\/p>\n","protected":false},"author":951,"featured_media":0,"parent":5,"menu_order":3,"comment_status":"closed","ping_status":"closed","template":"","meta":{"footnotes":""},"class_list":["post-112","page","type-page","status-publish","hentry"],"_links":{"self":[{"href":"https:\/\/blogs.fu-berlin.de\/zufo\/wp-json\/wp\/v2\/pages\/112","targetHints":{"allow":["GET"]}}],"collection":[{"href":"https:\/\/blogs.fu-berlin.de\/zufo\/wp-json\/wp\/v2\/pages"}],"about":[{"href":"https:\/\/blogs.fu-berlin.de\/zufo\/wp-json\/wp\/v2\/types\/page"}],"author":[{"embeddable":true,"href":"https:\/\/blogs.fu-berlin.de\/zufo\/wp-json\/wp\/v2\/users\/951"}],"replies":[{"embeddable":true,"href":"https:\/\/blogs.fu-berlin.de\/zufo\/wp-json\/wp\/v2\/comments?post=112"}],"version-history":[{"count":11,"href":"https:\/\/blogs.fu-berlin.de\/zufo\/wp-json\/wp\/v2\/pages\/112\/revisions"}],"predecessor-version":[{"id":603,"href":"https:\/\/blogs.fu-berlin.de\/zufo\/wp-json\/wp\/v2\/pages\/112\/revisions\/603"}],"up":[{"embeddable":true,"href":"https:\/\/blogs.fu-berlin.de\/zufo\/wp-json\/wp\/v2\/pages\/5"}],"wp:attachment":[{"href":"https:\/\/blogs.fu-berlin.de\/zufo\/wp-json\/wp\/v2\/media?parent=112"}],"curies":[{"name":"wp","href":"https:\/\/api.w.org\/{rel}","templated":true}]}}